{"id":12,"date":"2022-09-07T11:57:44","date_gmt":"2022-09-07T09:57:44","guid":{"rendered":"http:\/\/gaelleharre.fr\/?page_id=12"},"modified":"2024-07-08T13:36:03","modified_gmt":"2024-07-08T11:36:03","slug":"a-propos-de-gaelle-harre","status":"publish","type":"page","link":"https:\/\/gaelleharre.fr\/?page_id=12","title":{"rendered":"A propos"},"content":{"rendered":"\n<h2 class=\"wp-block-heading has-text-align-center has-large-font-size\" id=\"inspiro-is-a-digital-product-agency-that-focuses-on-strategy-and-design\" style=\"font-style:normal;font-weight:100;text-transform:uppercase\"><strong>BIENVENUE !<\/strong><\/h2>\n\n\n\n<p>Je me pr\u00e9sente, je suis Gaelle Harr\u00e9 et je suis auteure et cr\u00e9atrice d&rsquo;oracle. <\/p>\n\n\n\n<p>Passionn\u00e9e par l\u2019\u00e9sot\u00e9risme et le d\u00e9veloppement personnel, je m&rsquo;int\u00e9resse et me suis form\u00e9e \u00e0 diverses pratiques telles que l&rsquo;astrologie, la cartomancie, le d\u00e9codage biologique, les fleurs de Bach, la g\u00e9obiologie, la naturopathie, la num\u00e9rologie, la psychologie, la psychog\u00e9n\u00e9alogie, la radiesth\u00e9sie&#8230;<\/p>\n\n\n\n<p>Cette liste n\u2019est pas exhaustive et s\u2019allongera d\u2019ann\u00e9es en ann\u00e9es, j\u2019en suis certaine. J\u2019ai toujours eu soif de d\u00e9couvertes et de connaissances. On pourrait m\u00eame me qualifier de boulimique de l\u2019apprentissage. C\u2019est certainement mon besoin de comprendre le sens de toute chose qui me pousse inlassablement vers de nouvelles exp\u00e9riences.<\/p>\n\n\n\n<p>Je sais que je ne suis pas la seule \u00e0 \u00eatre en qu\u00eate de sens. Si tu es ici, c\u2019est probablement aussi ton cas.<\/p>\n\n\n\n<p>Multipotentialiste, je suis tr\u00e8s curieuse et j\u2019ai besoin d\u2019\u00eatre continuellement stimul\u00e9e. Je porte un int\u00e9r\u00eat \u00e0 tellement de choses que j\u2019ai du mal \u00e0 faire un choix et ai tendance \u00e0 l\u2019\u00e9parpillement. En bon b\u00e9lier que je suis, je bouillonne d\u2019id\u00e9es, mais j\u2019ai souvent eu du mal \u00e0 les concr\u00e9tiser.<\/p>\n\n\n\n<figure class=\"wp-block-image alignright size-large is-resized\"><img fetchpriority=\"high\" decoding=\"async\" width=\"733\" height=\"1024\" src=\"https:\/\/i0.wp.com\/gaelleharre.fr\/wp-content\/uploads\/2022\/11\/IMG_4224.jpg?resize=733%2C1024&#038;ssl=1\" alt=\"Gaelle Harr\u00e9 : Oracle et Livre Aux portes de l'inconscient\" class=\"wp-image-146\" style=\"width:374px;height:auto\" srcset=\"https:\/\/i0.wp.com\/gaelleharre.fr\/wp-content\/uploads\/2022\/11\/IMG_4224-scaled.jpg?resize=733%2C1024&amp;ssl=1 733w, https:\/\/i0.wp.com\/gaelleharre.fr\/wp-content\/uploads\/2022\/11\/IMG_4224-scaled.jpg?resize=215%2C300&amp;ssl=1 215w, https:\/\/i0.wp.com\/gaelleharre.fr\/wp-content\/uploads\/2022\/11\/IMG_4224-scaled.jpg?resize=768%2C1073&amp;ssl=1 768w, https:\/\/i0.wp.com\/gaelleharre.fr\/wp-content\/uploads\/2022\/11\/IMG_4224-scaled.jpg?resize=1100%2C1536&amp;ssl=1 1100w, https:\/\/i0.wp.com\/gaelleharre.fr\/wp-content\/uploads\/2022\/11\/IMG_4224-scaled.jpg?resize=1466%2C2048&amp;ssl=1 1466w, https:\/\/i0.wp.com\/gaelleharre.fr\/wp-content\/uploads\/2022\/11\/IMG_4224-scaled.jpg?resize=2000%2C2794&amp;ssl=1 2000w, https:\/\/i0.wp.com\/gaelleharre.fr\/wp-content\/uploads\/2022\/11\/IMG_4224-scaled.jpg?resize=600%2C838&amp;ssl=1 600w, https:\/\/i0.wp.com\/gaelleharre.fr\/wp-content\/uploads\/2022\/11\/IMG_4224-scaled.jpg?w=1833&amp;ssl=1 1833w\" sizes=\"(max-width: 733px) 100vw, 733px\" data-recalc-dims=\"1\" \/><\/figure>\n\n\n\n<p>Engranger des connaissances ne m&rsquo;\u00e9tait plus suffisant. Il me fallait, d\u00e9sormais, utiliser et transmettre ce savoir. C\u2019est pour cela que <strong>j\u2019ai cr\u00e9\u00e9 mon premier<\/strong> <a href=\"https:\/\/gaelleharre.fr\/?page_id=159\"><strong>oracle : \u00ab&nbsp;Aux portes de l\u2019inconscient&nbsp;\u00bb<\/strong>. <\/a><\/p>\n\n\n\n<p>Dans le<strong> livre \u00ab&nbsp;Aux portes de l&rsquo;inconscient\u00bb<\/strong>, je propose plusieurs niveaux de lecture des cartes incluant mes diff\u00e9rentes pratiques. <\/p>\n\n\n\n<p>Persuad\u00e9e que cr\u00e9er et partager cet outil fait partie de ma mission,&nbsp;je suis parvenue, avec force et d\u00e9termination, \u00e0 concr\u00e9tiser mon id\u00e9e et \u00e0 aller jusqu\u2019au bout sans me lasser et me pr\u00e9cipiter vers une nouvelle activit\u00e9. Ce qui est une premi\u00e8re pour moi.<\/p>\n\n\n\n<p>Deux ans plus tard, apr\u00e8s le succ\u00e8s de l&rsquo;Oracle \u00ab\u00a0Aux portes de l&rsquo;inconscient\u00a0\u00bb, je r\u00e9it\u00e8re l&rsquo;exp\u00e9rience en cr\u00e9ant un jeu de cartes permettant l&rsquo;apprentissage et l&rsquo;entrainement \u00e0 l&rsquo;astrologie qui se nomme <a href=\"https:\/\/gaelleharre.fr\/?page_id=415\">\u00ab\u00a0L&rsquo;AstroLogic\u00a0\u00bb<\/a>. Il peut \u00e9galement \u00eatre utilis\u00e9e comme un oracle.<\/p>\n\n\n\n<p><\/p>\n\n\n\n<p><strong>Je souhaite de tout c\u0153ur que mes cr\u00e9ations puissent t\u2019aider \u00e0 acc\u00e9der \u00e0 une meilleure compr\u00e9hension de toi, des autres et du monde qui nous entoure.<\/strong><\/p>\n\n\n\n<p class=\"has-text-align-center\">Gaelle Harr\u00e9<\/p>\n\n\n\n<p class=\"has-text-align-center\"> \u00ab\u00a0Un autre monde est possible, mais il est dans celui-ci\u00a0\u00bb  &#8211;  Paul ELUARD<\/p>\n\n\n\n<p><\/p>\n\n\n\n<p class=\"has-text-align-center\">Pour acheter mes cr\u00e9ations, rendez vous sur ma boutique : <\/p>\n\n\n\n<div class=\"wp-block-buttons is-layout-flex wp-block-buttons-is-layout-flex\">\n<div class=\"wp-block-button aligncenter\"><a class=\"wp-block-button__link has-blush-light-purple-gradient-background has-background wp-element-button\" href=\"https:\/\/esoterelle.eproshopping.fr\/\" target=\"_blank\" rel=\"noreferrer noopener\">Boutique en ligne<\/a><\/div>\n<\/div>\n\n\n\n<div style=\"height:100px\" aria-hidden=\"true\" class=\"wp-block-spacer\"><\/div>\n\n\n\n<div class=\"wp-block-cover alignfull\" style=\"padding-top:50px;padding-right:50px;padding-bottom:50px;padding-left:50px;min-height:316px;aspect-ratio:unset;\"><span aria-hidden=\"true\" class=\"wp-block-cover__background has-black-background-color has-background-dim\"><\/span><img decoding=\"async\" width=\"950\" height=\"649\" class=\"wp-block-cover__image-background wp-image-209\" alt=\"\" src=\"https:\/\/i0.wp.com\/gaelleharre.fr\/wp-content\/uploads\/2022\/12\/hd-wallpaper-g04d12224b_1920-1-jpg.webp?resize=950%2C649&#038;ssl=1\" data-object-fit=\"cover\" srcset=\"https:\/\/i0.wp.com\/gaelleharre.fr\/wp-content\/uploads\/2022\/12\/hd-wallpaper-g04d12224b_1920-1-jpg.webp?w=1920&amp;ssl=1 1920w, https:\/\/i0.wp.com\/gaelleharre.fr\/wp-content\/uploads\/2022\/12\/hd-wallpaper-g04d12224b_1920-1-jpg.webp?resize=300%2C205&amp;ssl=1 300w, https:\/\/i0.wp.com\/gaelleharre.fr\/wp-content\/uploads\/2022\/12\/hd-wallpaper-g04d12224b_1920-1-jpg.webp?resize=1024%2C699&amp;ssl=1 1024w, https:\/\/i0.wp.com\/gaelleharre.fr\/wp-content\/uploads\/2022\/12\/hd-wallpaper-g04d12224b_1920-1-jpg.webp?resize=768%2C524&amp;ssl=1 768w, https:\/\/i0.wp.com\/gaelleharre.fr\/wp-content\/uploads\/2022\/12\/hd-wallpaper-g04d12224b_1920-1-jpg.webp?resize=1536%2C1049&amp;ssl=1 1536w, https:\/\/i0.wp.com\/gaelleharre.fr\/wp-content\/uploads\/2022\/12\/hd-wallpaper-g04d12224b_1920-1-jpg.webp?resize=600%2C410&amp;ssl=1 600w, https:\/\/i0.wp.com\/gaelleharre.fr\/wp-content\/uploads\/2022\/12\/hd-wallpaper-g04d12224b_1920-1-jpg.webp?resize=1200%2C819&amp;ssl=1 1200w\" sizes=\"(max-width: 950px) 100vw, 950px\" data-recalc-dims=\"1\" \/><div class=\"wp-block-cover__inner-container is-layout-flow wp-block-cover-is-layout-flow\">\n<p class=\"has-text-align-center has-large-font-size\"><\/p>\n<\/div><\/div>\n","protected":false},"excerpt":{"rendered":"<p>BIENVENUE ! Je me pr\u00e9sente, je suis Gaelle Harr\u00e9 et je suis auteure et cr\u00e9atrice d&rsquo;oracle. Passionn\u00e9e par l\u2019\u00e9sot\u00e9risme et le d\u00e9veloppement personnel, je m&rsquo;int\u00e9resse et me suis form\u00e9e \u00e0 diverses pratiques telles que l&rsquo;astrologie, la cartomancie, le d\u00e9codage biologique, les fleurs de Bach, la g\u00e9obiologie, la naturopathie, la num\u00e9rologie, la psychologie, la psychog\u00e9n\u00e9alogie, la &hellip; <\/p>\n<p class=\"link-more\"><a href=\"https:\/\/gaelleharre.fr\/?page_id=12\" class=\"more-link\">Lire la suite de<span class=\"screen-reader-text\">\u00ab\u00a0A propos\u00a0\u00bb<\/span><\/a><\/p>\n","protected":false},"author":1,"featured_media":209,"parent":0,"menu_order":0,"comment_status":"closed","ping_status":"closed","template":"","meta":{"footnotes":""},"class_list":["post-12","page","type-page","status-publish","has-post-thumbnail","hentry"],"yoast_head":"<!-- This site is optimized with the Yoast SEO plugin v23.0 - https:\/\/yoast.com\/wordpress\/plugins\/seo\/ -->\n<title>A propos - Gaelle Harr\u00e9<\/title>\n<meta name=\"description\" content=\"D\u00e9couvrez l&#039;univers de Gaelle Harr\u00e9, cr\u00e9atrice de l&#039;oracle &quot;Aux portes de l&#039;inconscient&quot; et de &quot;L&#039;AstroLogic&quot;.\" \/>\n<meta name=\"robots\" content=\"index, follow, max-snippet:-1, max-image-preview:large, max-video-preview:-1\" \/>\n<link rel=\"canonical\" href=\"https:\/\/gaelleharre.fr\/?page_id=12\" \/>\n<meta property=\"og:locale\" content=\"fr_FR\" \/>\n<meta property=\"og:type\" content=\"article\" \/>\n<meta property=\"og:title\" content=\"A propos - Gaelle Harr\u00e9\" \/>\n<meta property=\"og:description\" content=\"D\u00e9couvrez l&#039;univers de Gaelle Harr\u00e9, cr\u00e9atrice de l&#039;oracle &quot;Aux portes de l&#039;inconscient&quot; et de &quot;L&#039;AstroLogic&quot;.\" \/>\n<meta property=\"og:url\" content=\"https:\/\/gaelleharre.fr\/?page_id=12\" \/>\n<meta property=\"og:site_name\" content=\"Gaelle Harr\u00e9\" \/>\n<meta property=\"article:publisher\" content=\"https:\/\/www.facebook.com\/profile.php?id=100064760720092\" \/>\n<meta property=\"article:modified_time\" content=\"2024-07-08T11:36:03+00:00\" \/>\n<meta property=\"og:image\" content=\"https:\/\/gaelleharre.fr\/wp-content\/uploads\/2022\/12\/hd-wallpaper-g04d12224b_1920-1-jpg.webp\" \/>\n\t<meta property=\"og:image:width\" content=\"1920\" \/>\n\t<meta property=\"og:image:height\" content=\"1311\" \/>\n\t<meta property=\"og:image:type\" content=\"image\/jpeg\" \/>\n<meta name=\"twitter:card\" content=\"summary_large_image\" \/>\n<meta name=\"twitter:label1\" content=\"Dur\u00e9e de lecture estim\u00e9e\" \/>\n\t<meta name=\"twitter:data1\" content=\"3 minutes\" \/>\n<script type=\"application\/ld+json\" class=\"yoast-schema-graph\">{\"@context\":\"https:\/\/schema.org\",\"@graph\":[{\"@type\":\"WebPage\",\"@id\":\"https:\/\/gaelleharre.fr\/?page_id=12\",\"url\":\"https:\/\/gaelleharre.fr\/?page_id=12\",\"name\":\"A propos - Gaelle Harr\u00e9\",\"isPartOf\":{\"@id\":\"https:\/\/gaelleharre.fr\/#website\"},\"primaryImageOfPage\":{\"@id\":\"https:\/\/gaelleharre.fr\/?page_id=12#primaryimage\"},\"image\":{\"@id\":\"https:\/\/gaelleharre.fr\/?page_id=12#primaryimage\"},\"thumbnailUrl\":\"https:\/\/gaelleharre.fr\/wp-content\/uploads\/2022\/12\/hd-wallpaper-g04d12224b_1920-1-jpg.webp\",\"datePublished\":\"2022-09-07T09:57:44+00:00\",\"dateModified\":\"2024-07-08T11:36:03+00:00\",\"description\":\"D\u00e9couvrez l'univers de Gaelle Harr\u00e9, cr\u00e9atrice de l'oracle \\\"Aux portes de l'inconscient\\\" et de \\\"L'AstroLogic\\\".\",\"breadcrumb\":{\"@id\":\"https:\/\/gaelleharre.fr\/?page_id=12#breadcrumb\"},\"inLanguage\":\"fr-FR\",\"potentialAction\":[{\"@type\":\"ReadAction\",\"target\":[\"https:\/\/gaelleharre.fr\/?page_id=12\"]}]},{\"@type\":\"ImageObject\",\"inLanguage\":\"fr-FR\",\"@id\":\"https:\/\/gaelleharre.fr\/?page_id=12#primaryimage\",\"url\":\"https:\/\/gaelleharre.fr\/wp-content\/uploads\/2022\/12\/hd-wallpaper-g04d12224b_1920-1-jpg.webp\",\"contentUrl\":\"https:\/\/gaelleharre.fr\/wp-content\/uploads\/2022\/12\/hd-wallpaper-g04d12224b_1920-1-jpg.webp\",\"width\":1920,\"height\":1311},{\"@type\":\"BreadcrumbList\",\"@id\":\"https:\/\/gaelleharre.fr\/?page_id=12#breadcrumb\",\"itemListElement\":[{\"@type\":\"ListItem\",\"position\":1,\"name\":\"Accueil\",\"item\":\"https:\/\/gaelleharre.fr\/\"},{\"@type\":\"ListItem\",\"position\":2,\"name\":\"A propos\"}]},{\"@type\":\"WebSite\",\"@id\":\"https:\/\/gaelleharre.fr\/#website\",\"url\":\"https:\/\/gaelleharre.fr\/\",\"name\":\"Gaelle Harr\u00e9\",\"description\":\"\",\"potentialAction\":[{\"@type\":\"SearchAction\",\"target\":{\"@type\":\"EntryPoint\",\"urlTemplate\":\"https:\/\/gaelleharre.fr\/?s={search_term_string}\"},\"query-input\":\"required name=search_term_string\"}],\"inLanguage\":\"fr-FR\"}]}<\/script>\n<!-- \/ Yoast SEO plugin. -->","yoast_head_json":{"title":"A propos - Gaelle Harr\u00e9","description":"D\u00e9couvrez l'univers de Gaelle Harr\u00e9, cr\u00e9atrice de l'oracle \"Aux portes de l'inconscient\" et de \"L'AstroLogic\".","robots":{"index":"index","follow":"follow","max-snippet":"max-snippet:-1","max-image-preview":"max-image-preview:large","max-video-preview":"max-video-preview:-1"},"canonical":"https:\/\/gaelleharre.fr\/?page_id=12","og_locale":"fr_FR","og_type":"article","og_title":"A propos - Gaelle Harr\u00e9","og_description":"D\u00e9couvrez l'univers de Gaelle Harr\u00e9, cr\u00e9atrice de l'oracle \"Aux portes de l'inconscient\" et de \"L'AstroLogic\".","og_url":"https:\/\/gaelleharre.fr\/?page_id=12","og_site_name":"Gaelle Harr\u00e9","article_publisher":"https:\/\/www.facebook.com\/profile.php?id=100064760720092","article_modified_time":"2024-07-08T11:36:03+00:00","og_image":[{"width":1920,"height":1311,"url":"https:\/\/gaelleharre.fr\/wp-content\/uploads\/2022\/12\/hd-wallpaper-g04d12224b_1920-1-jpg.webp","type":"image\/jpeg"}],"twitter_card":"summary_large_image","twitter_misc":{"Dur\u00e9e de lecture estim\u00e9e":"3 minutes"},"schema":{"@context":"https:\/\/schema.org","@graph":[{"@type":"WebPage","@id":"https:\/\/gaelleharre.fr\/?page_id=12","url":"https:\/\/gaelleharre.fr\/?page_id=12","name":"A propos - Gaelle Harr\u00e9","isPartOf":{"@id":"https:\/\/gaelleharre.fr\/#website"},"primaryImageOfPage":{"@id":"https:\/\/gaelleharre.fr\/?page_id=12#primaryimage"},"image":{"@id":"https:\/\/gaelleharre.fr\/?page_id=12#primaryimage"},"thumbnailUrl":"https:\/\/gaelleharre.fr\/wp-content\/uploads\/2022\/12\/hd-wallpaper-g04d12224b_1920-1-jpg.webp","datePublished":"2022-09-07T09:57:44+00:00","dateModified":"2024-07-08T11:36:03+00:00","description":"D\u00e9couvrez l'univers de Gaelle Harr\u00e9, cr\u00e9atrice de l'oracle \"Aux portes de l'inconscient\" et de \"L'AstroLogic\".","breadcrumb":{"@id":"https:\/\/gaelleharre.fr\/?page_id=12#breadcrumb"},"inLanguage":"fr-FR","potentialAction":[{"@type":"ReadAction","target":["https:\/\/gaelleharre.fr\/?page_id=12"]}]},{"@type":"ImageObject","inLanguage":"fr-FR","@id":"https:\/\/gaelleharre.fr\/?page_id=12#primaryimage","url":"https:\/\/gaelleharre.fr\/wp-content\/uploads\/2022\/12\/hd-wallpaper-g04d12224b_1920-1-jpg.webp","contentUrl":"https:\/\/gaelleharre.fr\/wp-content\/uploads\/2022\/12\/hd-wallpaper-g04d12224b_1920-1-jpg.webp","width":1920,"height":1311},{"@type":"BreadcrumbList","@id":"https:\/\/gaelleharre.fr\/?page_id=12#breadcrumb","itemListElement":[{"@type":"ListItem","position":1,"name":"Accueil","item":"https:\/\/gaelleharre.fr\/"},{"@type":"ListItem","position":2,"name":"A propos"}]},{"@type":"WebSite","@id":"https:\/\/gaelleharre.fr\/#website","url":"https:\/\/gaelleharre.fr\/","name":"Gaelle Harr\u00e9","description":"","potentialAction":[{"@type":"SearchAction","target":{"@type":"EntryPoint","urlTemplate":"https:\/\/gaelleharre.fr\/?s={search_term_string}"},"query-input":"required name=search_term_string"}],"inLanguage":"fr-FR"}]}},"jetpack_sharing_enabled":true,"featured_media_urls":{"thumbnail":["https:\/\/gaelleharre.fr\/wp-content\/uploads\/2022\/12\/hd-wallpaper-g04d12224b_1920-1-150x150.webp",150,150,true],"medium":["https:\/\/gaelleharre.fr\/wp-content\/uploads\/2022\/12\/hd-wallpaper-g04d12224b_1920-1-300x205.webp",300,205,true],"medium_large":["https:\/\/gaelleharre.fr\/wp-content\/uploads\/2022\/12\/hd-wallpaper-g04d12224b_1920-1-768x524.webp",768,524,true],"large":["https:\/\/gaelleharre.fr\/wp-content\/uploads\/2022\/12\/hd-wallpaper-g04d12224b_1920-1-1024x699.webp",950,648,true],"1536x1536":["https:\/\/gaelleharre.fr\/wp-content\/uploads\/2022\/12\/hd-wallpaper-g04d12224b_1920-1-1536x1049.webp",1536,1049,true],"2048x2048":["https:\/\/gaelleharre.fr\/wp-content\/uploads\/2022\/12\/hd-wallpaper-g04d12224b_1920-1-jpg.webp",1920,1311,false],"inspiro-featured-image":["https:\/\/gaelleharre.fr\/wp-content\/uploads\/2022\/12\/hd-wallpaper-g04d12224b_1920-1-jpg.webp",1920,1311,false],"inspiro-loop":["https:\/\/gaelleharre.fr\/wp-content\/uploads\/2022\/12\/hd-wallpaper-g04d12224b_1920-1-950x320.webp",950,320,true],"inspiro-loop@2x":["https:\/\/gaelleharre.fr\/wp-content\/uploads\/2022\/12\/hd-wallpaper-g04d12224b_1920-1-1900x640.webp",1900,640,true],"portfolio_item-thumbnail":["https:\/\/gaelleharre.fr\/wp-content\/uploads\/2022\/12\/hd-wallpaper-g04d12224b_1920-1-600x400.webp",600,400,true],"portfolio_item-thumbnail@2x":["https:\/\/gaelleharre.fr\/wp-content\/uploads\/2022\/12\/hd-wallpaper-g04d12224b_1920-1-jpg-1200x800.webp",1200,800,true],"portfolio_item-masonry":["https:\/\/gaelleharre.fr\/wp-content\/uploads\/2022\/12\/hd-wallpaper-g04d12224b_1920-1-600x410.webp",600,410,true],"portfolio_item-masonry@2x":["https:\/\/gaelleharre.fr\/wp-content\/uploads\/2022\/12\/hd-wallpaper-g04d12224b_1920-1-jpg-1200x819.webp",1200,819,true],"portfolio_item-thumbnail_cinema":["https:\/\/gaelleharre.fr\/wp-content\/uploads\/2022\/12\/hd-wallpaper-g04d12224b_1920-1-800x335.webp",800,335,true],"portfolio_item-thumbnail_portrait":["https:\/\/gaelleharre.fr\/wp-content\/uploads\/2022\/12\/hd-wallpaper-g04d12224b_1920-1-600x900.webp",600,900,true],"portfolio_item-thumbnail_portrait@2x":["https:\/\/gaelleharre.fr\/wp-content\/uploads\/2022\/12\/hd-wallpaper-g04d12224b_1920-1-jpg-1200x1311.webp",1200,1311,true],"portfolio_item-thumbnail_square":["https:\/\/gaelleharre.fr\/wp-content\/uploads\/2022\/12\/hd-wallpaper-g04d12224b_1920-1-800x800.webp",800,800,true]},"_links":{"self":[{"href":"https:\/\/gaelleharre.fr\/index.php?rest_route=\/wp\/v2\/pages\/12","targetHints":{"allow":["GET"]}}],"collection":[{"href":"https:\/\/gaelleharre.fr\/index.php?rest_route=\/wp\/v2\/pages"}],"about":[{"href":"https:\/\/gaelleharre.fr\/index.php?rest_route=\/wp\/v2\/types\/page"}],"author":[{"embeddable":true,"href":"https:\/\/gaelleharre.fr\/index.php?rest_route=\/wp\/v2\/users\/1"}],"replies":[{"embeddable":true,"href":"https:\/\/gaelleharre.fr\/index.php?rest_route=%2Fwp%2Fv2%2Fcomments&post=12"}],"version-history":[{"count":34,"href":"https:\/\/gaelleharre.fr\/index.php?rest_route=\/wp\/v2\/pages\/12\/revisions"}],"predecessor-version":[{"id":417,"href":"https:\/\/gaelleharre.fr\/index.php?rest_route=\/wp\/v2\/pages\/12\/revisions\/417"}],"wp:featuredmedia":[{"embeddable":true,"href":"https:\/\/gaelleharre.fr\/index.php?rest_route=\/wp\/v2\/media\/209"}],"wp:attachment":[{"href":"https:\/\/gaelleharre.fr\/index.php?rest_route=%2Fwp%2Fv2%2Fmedia&parent=12"}],"curies":[{"name":"wp","href":"https:\/\/api.w.org\/{rel}","templated":true}]}}