{"id":159,"date":"2022-11-10T10:35:20","date_gmt":"2022-11-10T09:35:20","guid":{"rendered":"http:\/\/gaelleharre.fr\/?page_id=159"},"modified":"2024-07-08T13:15:57","modified_gmt":"2024-07-08T11:15:57","slug":"creations-aux-portes-de-linconscient","status":"publish","type":"page","link":"https:\/\/gaelleharre.fr\/?page_id=159","title":{"rendered":"Aux portes de l&rsquo;inconscient"},"content":{"rendered":"\n<div class=\"wp-block-columns is-layout-flex wp-container-core-columns-is-layout-28f84493 wp-block-columns-is-layout-flex\">\n<div class=\"wp-block-column is-layout-flow wp-block-column-is-layout-flow\" style=\"flex-basis:50%\">\n<h3 class=\"wp-block-heading has-text-align-center\">L&rsquo;oracle<\/h3>\n\n\n\n<figure class=\"wp-block-image size-large\"><img fetchpriority=\"high\" decoding=\"async\" width=\"950\" height=\"497\" src=\"https:\/\/i0.wp.com\/gaelleharre.fr\/wp-content\/uploads\/2022\/11\/ORACLE-AUX-PORTES-DE-LINCONSCIENT.png?resize=950%2C497&#038;ssl=1\" alt=\"Oracle Aux portes de l'inconscient\" class=\"wp-image-122\" srcset=\"https:\/\/i0.wp.com\/gaelleharre.fr\/wp-content\/uploads\/2022\/11\/ORACLE-AUX-PORTES-DE-LINCONSCIENT.png?resize=1024%2C536&amp;ssl=1 1024w, https:\/\/i0.wp.com\/gaelleharre.fr\/wp-content\/uploads\/2022\/11\/ORACLE-AUX-PORTES-DE-LINCONSCIENT.png?resize=300%2C157&amp;ssl=1 300w, https:\/\/i0.wp.com\/gaelleharre.fr\/wp-content\/uploads\/2022\/11\/ORACLE-AUX-PORTES-DE-LINCONSCIENT.png?resize=768%2C402&amp;ssl=1 768w, https:\/\/i0.wp.com\/gaelleharre.fr\/wp-content\/uploads\/2022\/11\/ORACLE-AUX-PORTES-DE-LINCONSCIENT.png?resize=600%2C314&amp;ssl=1 600w, https:\/\/i0.wp.com\/gaelleharre.fr\/wp-content\/uploads\/2022\/11\/ORACLE-AUX-PORTES-DE-LINCONSCIENT.png?w=1200&amp;ssl=1 1200w\" sizes=\"(max-width: 950px) 100vw, 950px\" data-recalc-dims=\"1\" \/><\/figure>\n\n\n\n<div class=\"wp-block-buttons has-custom-font-size has-small-font-size is-layout-flex wp-block-buttons-is-layout-flex\">\n<div class=\"wp-block-button aligncenter\"><a class=\"wp-block-button__link wp-element-button\" href=\"https:\/\/gaelleharre.fr\/?page_id=44\">En savoir plus sur l&rsquo;oracle<\/a><\/div>\n<\/div>\n<\/div>\n\n\n\n<div class=\"wp-block-column is-layout-flow wp-block-column-is-layout-flow\" style=\"flex-basis:50%\">\n<h3 class=\"wp-block-heading has-text-align-center\">Le livre<\/h3>\n\n\n\n<figure class=\"wp-block-image size-large\"><img decoding=\"async\" width=\"950\" height=\"497\" src=\"https:\/\/i0.wp.com\/gaelleharre.fr\/wp-content\/uploads\/2022\/11\/Copie-de-ORACLE-AUX-PORTES-DE-LINCONSCIENT-2.png?resize=950%2C497&#038;ssl=1\" alt=\"Livre Aux portes de l'inconscient\" class=\"wp-image-164\" srcset=\"https:\/\/i0.wp.com\/gaelleharre.fr\/wp-content\/uploads\/2022\/11\/Copie-de-ORACLE-AUX-PORTES-DE-LINCONSCIENT-2.png?resize=1024%2C536&amp;ssl=1 1024w, https:\/\/i0.wp.com\/gaelleharre.fr\/wp-content\/uploads\/2022\/11\/Copie-de-ORACLE-AUX-PORTES-DE-LINCONSCIENT-2.png?resize=300%2C157&amp;ssl=1 300w, https:\/\/i0.wp.com\/gaelleharre.fr\/wp-content\/uploads\/2022\/11\/Copie-de-ORACLE-AUX-PORTES-DE-LINCONSCIENT-2.png?resize=768%2C402&amp;ssl=1 768w, https:\/\/i0.wp.com\/gaelleharre.fr\/wp-content\/uploads\/2022\/11\/Copie-de-ORACLE-AUX-PORTES-DE-LINCONSCIENT-2.png?resize=600%2C314&amp;ssl=1 600w, https:\/\/i0.wp.com\/gaelleharre.fr\/wp-content\/uploads\/2022\/11\/Copie-de-ORACLE-AUX-PORTES-DE-LINCONSCIENT-2.png?w=1200&amp;ssl=1 1200w\" sizes=\"(max-width: 950px) 100vw, 950px\" data-recalc-dims=\"1\" \/><\/figure>\n\n\n\n<div class=\"wp-block-buttons has-custom-font-size has-small-font-size is-layout-flex wp-block-buttons-is-layout-flex\">\n<div class=\"wp-block-button aligncenter\"><a class=\"wp-block-button__link wp-element-button\" href=\"https:\/\/gaelleharre.fr\/?page_id=178\">En savoir plus sur le livre<\/a><\/div>\n<\/div>\n<\/div>\n<\/div>\n\n\n\n<h2 class=\"wp-block-heading\"><\/h2>\n\n\n\n<h3 class=\"wp-block-heading has-text-align-center has-large-font-size\">Pr\u00e9sentation Youtube<\/h3>\n\n\n\n<p class=\"has-text-align-center\">Par Laetitia de <a href=\"https:\/\/www.youtube.com\/@spirituellecartomancie8084\">Spiritu&rsquo;elle Cartomancie<\/a> : <\/p>\n\n\n\n<figure class=\"wp-block-embed aligncenter is-type-video is-provider-youtube wp-block-embed-youtube wp-embed-aspect-16-9 wp-has-aspect-ratio\"><div class=\"wp-block-embed__wrapper\">\n<iframe title=\"\ud83d\udd2eREVIEW| AUX PORTES DE L\u2019INCONSCIENT GA\u00cbLLE HARR\u00c9 #gaelleharr\u00e9#karenhervo#auxportesdel\u2019inconscient\" width=\"950\" height=\"534\" src=\"https:\/\/www.youtube.com\/embed\/D2ypoda12Rc?feature=oembed\" frameborder=\"0\" allow=\"accelerometer; autoplay; clipboard-write; encrypted-media; gyroscope; picture-in-picture; web-share\" allowfullscreen><\/iframe>\n<\/div><\/figure>\n\n\n\n<figure class=\"wp-block-embed is-type-video is-provider-youtube wp-block-embed-youtube wp-embed-aspect-16-9 wp-has-aspect-ratio\"><div class=\"wp-block-embed__wrapper\">\n<iframe title=\"\ud83c\udf19\ud83d\udc41\ufe0f\ud83d\udd2ePR\u00c9SENTATION | GUIDE D\u2019INTERPR\u00c9TATION DE L\u2019ORACLE AUX PORTES DE L\u2019INCONSCIENT \ud83d\udd2e\ud83d\udc41\ufe0f\ud83c\udf19\" width=\"950\" height=\"534\" src=\"https:\/\/www.youtube.com\/embed\/fq5PR7B707Y?feature=oembed\" frameborder=\"0\" allow=\"accelerometer; autoplay; clipboard-write; encrypted-media; gyroscope; picture-in-picture; web-share\" allowfullscreen><\/iframe>\n<\/div><\/figure>\n","protected":false},"excerpt":{"rendered":"<p>L&rsquo;oracle Le livre Pr\u00e9sentation Youtube Par Laetitia de Spiritu&rsquo;elle Cartomancie :<\/p>\n","protected":false},"author":1,"featured_media":209,"parent":0,"menu_order":0,"comment_status":"closed","ping_status":"closed","template":"","meta":{"footnotes":""},"class_list":["post-159","page","type-page","status-publish","has-post-thumbnail","hentry"],"yoast_head":"<!-- This site is optimized with the Yoast SEO plugin v23.0 - https:\/\/yoast.com\/wordpress\/plugins\/seo\/ -->\n<title>Aux portes de l&#039;inconscient - Gaelle Harr\u00e9<\/title>\n<meta name=\"description\" content=\"Pr\u00e9sentation de ma derni\u00e8re cr\u00e9ation : l&#039;oracle Aux portes de l&#039;inconscient ainsi que son guide d&#039;interpr\u00e9tation. Photos et Vid\u00e9os.\" \/>\n<meta name=\"robots\" content=\"index, follow, max-snippet:-1, max-image-preview:large, max-video-preview:-1\" \/>\n<link rel=\"canonical\" href=\"https:\/\/gaelleharre.fr\/?page_id=159\" \/>\n<meta property=\"og:locale\" content=\"fr_FR\" \/>\n<meta property=\"og:type\" content=\"article\" \/>\n<meta property=\"og:title\" content=\"Aux portes de l&#039;inconscient - Gaelle Harr\u00e9\" \/>\n<meta property=\"og:description\" content=\"Pr\u00e9sentation de ma derni\u00e8re cr\u00e9ation : l&#039;oracle Aux portes de l&#039;inconscient ainsi que son guide d&#039;interpr\u00e9tation. Photos et Vid\u00e9os.\" \/>\n<meta property=\"og:url\" content=\"https:\/\/gaelleharre.fr\/?page_id=159\" \/>\n<meta property=\"og:site_name\" content=\"Gaelle Harr\u00e9\" \/>\n<meta property=\"article:publisher\" content=\"https:\/\/www.facebook.com\/profile.php?id=100064760720092\" \/>\n<meta property=\"article:modified_time\" content=\"2024-07-08T11:15:57+00:00\" \/>\n<meta property=\"og:image\" content=\"https:\/\/gaelleharre.fr\/wp-content\/uploads\/2022\/12\/hd-wallpaper-g04d12224b_1920-1-jpg.webp\" \/>\n\t<meta property=\"og:image:width\" content=\"1920\" \/>\n\t<meta property=\"og:image:height\" content=\"1311\" \/>\n\t<meta property=\"og:image:type\" content=\"image\/jpeg\" \/>\n<meta name=\"twitter:card\" content=\"summary_large_image\" \/>\n<meta name=\"twitter:label1\" content=\"Dur\u00e9e de lecture estim\u00e9e\" \/>\n\t<meta name=\"twitter:data1\" content=\"1 minute\" \/>\n<script type=\"application\/ld+json\" class=\"yoast-schema-graph\">{\"@context\":\"https:\/\/schema.org\",\"@graph\":[{\"@type\":\"WebPage\",\"@id\":\"https:\/\/gaelleharre.fr\/?page_id=159\",\"url\":\"https:\/\/gaelleharre.fr\/?page_id=159\",\"name\":\"Aux portes de l'inconscient - Gaelle Harr\u00e9\",\"isPartOf\":{\"@id\":\"https:\/\/gaelleharre.fr\/#website\"},\"primaryImageOfPage\":{\"@id\":\"https:\/\/gaelleharre.fr\/?page_id=159#primaryimage\"},\"image\":{\"@id\":\"https:\/\/gaelleharre.fr\/?page_id=159#primaryimage\"},\"thumbnailUrl\":\"https:\/\/gaelleharre.fr\/wp-content\/uploads\/2022\/12\/hd-wallpaper-g04d12224b_1920-1-jpg.webp\",\"datePublished\":\"2022-11-10T09:35:20+00:00\",\"dateModified\":\"2024-07-08T11:15:57+00:00\",\"description\":\"Pr\u00e9sentation de ma derni\u00e8re cr\u00e9ation : l'oracle Aux portes de l'inconscient ainsi que son guide d'interpr\u00e9tation. Photos et Vid\u00e9os.\",\"breadcrumb\":{\"@id\":\"https:\/\/gaelleharre.fr\/?page_id=159#breadcrumb\"},\"inLanguage\":\"fr-FR\",\"potentialAction\":[{\"@type\":\"ReadAction\",\"target\":[\"https:\/\/gaelleharre.fr\/?page_id=159\"]}]},{\"@type\":\"ImageObject\",\"inLanguage\":\"fr-FR\",\"@id\":\"https:\/\/gaelleharre.fr\/?page_id=159#primaryimage\",\"url\":\"https:\/\/gaelleharre.fr\/wp-content\/uploads\/2022\/12\/hd-wallpaper-g04d12224b_1920-1-jpg.webp\",\"contentUrl\":\"https:\/\/gaelleharre.fr\/wp-content\/uploads\/2022\/12\/hd-wallpaper-g04d12224b_1920-1-jpg.webp\",\"width\":1920,\"height\":1311},{\"@type\":\"BreadcrumbList\",\"@id\":\"https:\/\/gaelleharre.fr\/?page_id=159#breadcrumb\",\"itemListElement\":[{\"@type\":\"ListItem\",\"position\":1,\"name\":\"Accueil\",\"item\":\"https:\/\/gaelleharre.fr\/\"},{\"@type\":\"ListItem\",\"position\":2,\"name\":\"Aux portes de l&rsquo;inconscient\"}]},{\"@type\":\"WebSite\",\"@id\":\"https:\/\/gaelleharre.fr\/#website\",\"url\":\"https:\/\/gaelleharre.fr\/\",\"name\":\"Gaelle Harr\u00e9\",\"description\":\"\",\"potentialAction\":[{\"@type\":\"SearchAction\",\"target\":{\"@type\":\"EntryPoint\",\"urlTemplate\":\"https:\/\/gaelleharre.fr\/?s={search_term_string}\"},\"query-input\":\"required name=search_term_string\"}],\"inLanguage\":\"fr-FR\"}]}<\/script>\n<!-- \/ Yoast SEO plugin. -->","yoast_head_json":{"title":"Aux portes de l'inconscient - Gaelle Harr\u00e9","description":"Pr\u00e9sentation de ma derni\u00e8re cr\u00e9ation : l'oracle Aux portes de l'inconscient ainsi que son guide d'interpr\u00e9tation. Photos et Vid\u00e9os.","robots":{"index":"index","follow":"follow","max-snippet":"max-snippet:-1","max-image-preview":"max-image-preview:large","max-video-preview":"max-video-preview:-1"},"canonical":"https:\/\/gaelleharre.fr\/?page_id=159","og_locale":"fr_FR","og_type":"article","og_title":"Aux portes de l'inconscient - Gaelle Harr\u00e9","og_description":"Pr\u00e9sentation de ma derni\u00e8re cr\u00e9ation : l'oracle Aux portes de l'inconscient ainsi que son guide d'interpr\u00e9tation. Photos et Vid\u00e9os.","og_url":"https:\/\/gaelleharre.fr\/?page_id=159","og_site_name":"Gaelle Harr\u00e9","article_publisher":"https:\/\/www.facebook.com\/profile.php?id=100064760720092","article_modified_time":"2024-07-08T11:15:57+00:00","og_image":[{"width":1920,"height":1311,"url":"https:\/\/gaelleharre.fr\/wp-content\/uploads\/2022\/12\/hd-wallpaper-g04d12224b_1920-1-jpg.webp","type":"image\/jpeg"}],"twitter_card":"summary_large_image","twitter_misc":{"Dur\u00e9e de lecture estim\u00e9e":"1 minute"},"schema":{"@context":"https:\/\/schema.org","@graph":[{"@type":"WebPage","@id":"https:\/\/gaelleharre.fr\/?page_id=159","url":"https:\/\/gaelleharre.fr\/?page_id=159","name":"Aux portes de l'inconscient - Gaelle Harr\u00e9","isPartOf":{"@id":"https:\/\/gaelleharre.fr\/#website"},"primaryImageOfPage":{"@id":"https:\/\/gaelleharre.fr\/?page_id=159#primaryimage"},"image":{"@id":"https:\/\/gaelleharre.fr\/?page_id=159#primaryimage"},"thumbnailUrl":"https:\/\/gaelleharre.fr\/wp-content\/uploads\/2022\/12\/hd-wallpaper-g04d12224b_1920-1-jpg.webp","datePublished":"2022-11-10T09:35:20+00:00","dateModified":"2024-07-08T11:15:57+00:00","description":"Pr\u00e9sentation de ma derni\u00e8re cr\u00e9ation : l'oracle Aux portes de l'inconscient ainsi que son guide d'interpr\u00e9tation. Photos et Vid\u00e9os.","breadcrumb":{"@id":"https:\/\/gaelleharre.fr\/?page_id=159#breadcrumb"},"inLanguage":"fr-FR","potentialAction":[{"@type":"ReadAction","target":["https:\/\/gaelleharre.fr\/?page_id=159"]}]},{"@type":"ImageObject","inLanguage":"fr-FR","@id":"https:\/\/gaelleharre.fr\/?page_id=159#primaryimage","url":"https:\/\/gaelleharre.fr\/wp-content\/uploads\/2022\/12\/hd-wallpaper-g04d12224b_1920-1-jpg.webp","contentUrl":"https:\/\/gaelleharre.fr\/wp-content\/uploads\/2022\/12\/hd-wallpaper-g04d12224b_1920-1-jpg.webp","width":1920,"height":1311},{"@type":"BreadcrumbList","@id":"https:\/\/gaelleharre.fr\/?page_id=159#breadcrumb","itemListElement":[{"@type":"ListItem","position":1,"name":"Accueil","item":"https:\/\/gaelleharre.fr\/"},{"@type":"ListItem","position":2,"name":"Aux portes de l&rsquo;inconscient"}]},{"@type":"WebSite","@id":"https:\/\/gaelleharre.fr\/#website","url":"https:\/\/gaelleharre.fr\/","name":"Gaelle Harr\u00e9","description":"","potentialAction":[{"@type":"SearchAction","target":{"@type":"EntryPoint","urlTemplate":"https:\/\/gaelleharre.fr\/?s={search_term_string}"},"query-input":"required name=search_term_string"}],"inLanguage":"fr-FR"}]}},"jetpack_sharing_enabled":true,"featured_media_urls":{"thumbnail":["https:\/\/gaelleharre.fr\/wp-content\/uploads\/2022\/12\/hd-wallpaper-g04d12224b_1920-1-150x150.webp",150,150,true],"medium":["https:\/\/gaelleharre.fr\/wp-content\/uploads\/2022\/12\/hd-wallpaper-g04d12224b_1920-1-300x205.webp",300,205,true],"medium_large":["https:\/\/gaelleharre.fr\/wp-content\/uploads\/2022\/12\/hd-wallpaper-g04d12224b_1920-1-768x524.webp",768,524,true],"large":["https:\/\/gaelleharre.fr\/wp-content\/uploads\/2022\/12\/hd-wallpaper-g04d12224b_1920-1-1024x699.webp",950,648,true],"1536x1536":["https:\/\/gaelleharre.fr\/wp-content\/uploads\/2022\/12\/hd-wallpaper-g04d12224b_1920-1-1536x1049.webp",1536,1049,true],"2048x2048":["https:\/\/gaelleharre.fr\/wp-content\/uploads\/2022\/12\/hd-wallpaper-g04d12224b_1920-1-jpg.webp",1920,1311,false],"inspiro-featured-image":["https:\/\/gaelleharre.fr\/wp-content\/uploads\/2022\/12\/hd-wallpaper-g04d12224b_1920-1-jpg.webp",1920,1311,false],"inspiro-loop":["https:\/\/gaelleharre.fr\/wp-content\/uploads\/2022\/12\/hd-wallpaper-g04d12224b_1920-1-950x320.webp",950,320,true],"inspiro-loop@2x":["https:\/\/gaelleharre.fr\/wp-content\/uploads\/2022\/12\/hd-wallpaper-g04d12224b_1920-1-1900x640.webp",1900,640,true],"portfolio_item-thumbnail":["https:\/\/gaelleharre.fr\/wp-content\/uploads\/2022\/12\/hd-wallpaper-g04d12224b_1920-1-600x400.webp",600,400,true],"portfolio_item-thumbnail@2x":["https:\/\/gaelleharre.fr\/wp-content\/uploads\/2022\/12\/hd-wallpaper-g04d12224b_1920-1-jpg-1200x800.webp",1200,800,true],"portfolio_item-masonry":["https:\/\/gaelleharre.fr\/wp-content\/uploads\/2022\/12\/hd-wallpaper-g04d12224b_1920-1-600x410.webp",600,410,true],"portfolio_item-masonry@2x":["https:\/\/gaelleharre.fr\/wp-content\/uploads\/2022\/12\/hd-wallpaper-g04d12224b_1920-1-jpg-1200x819.webp",1200,819,true],"portfolio_item-thumbnail_cinema":["https:\/\/gaelleharre.fr\/wp-content\/uploads\/2022\/12\/hd-wallpaper-g04d12224b_1920-1-800x335.webp",800,335,true],"portfolio_item-thumbnail_portrait":["https:\/\/gaelleharre.fr\/wp-content\/uploads\/2022\/12\/hd-wallpaper-g04d12224b_1920-1-600x900.webp",600,900,true],"portfolio_item-thumbnail_portrait@2x":["https:\/\/gaelleharre.fr\/wp-content\/uploads\/2022\/12\/hd-wallpaper-g04d12224b_1920-1-jpg-1200x1311.webp",1200,1311,true],"portfolio_item-thumbnail_square":["https:\/\/gaelleharre.fr\/wp-content\/uploads\/2022\/12\/hd-wallpaper-g04d12224b_1920-1-800x800.webp",800,800,true]},"_links":{"self":[{"href":"https:\/\/gaelleharre.fr\/index.php?rest_route=\/wp\/v2\/pages\/159","targetHints":{"allow":["GET"]}}],"collection":[{"href":"https:\/\/gaelleharre.fr\/index.php?rest_route=\/wp\/v2\/pages"}],"about":[{"href":"https:\/\/gaelleharre.fr\/index.php?rest_route=\/wp\/v2\/types\/page"}],"author":[{"embeddable":true,"href":"https:\/\/gaelleharre.fr\/index.php?rest_route=\/wp\/v2\/users\/1"}],"replies":[{"embeddable":true,"href":"https:\/\/gaelleharre.fr\/index.php?rest_route=%2Fwp%2Fv2%2Fcomments&post=159"}],"version-history":[{"count":20,"href":"https:\/\/gaelleharre.fr\/index.php?rest_route=\/wp\/v2\/pages\/159\/revisions"}],"predecessor-version":[{"id":414,"href":"https:\/\/gaelleharre.fr\/index.php?rest_route=\/wp\/v2\/pages\/159\/revisions\/414"}],"wp:featuredmedia":[{"embeddable":true,"href":"https:\/\/gaelleharre.fr\/index.php?rest_route=\/wp\/v2\/media\/209"}],"wp:attachment":[{"href":"https:\/\/gaelleharre.fr\/index.php?rest_route=%2Fwp%2Fv2%2Fmedia&parent=159"}],"curies":[{"name":"wp","href":"https:\/\/api.w.org\/{rel}","templated":true}]}}