{"id":178,"date":"2022-11-10T10:54:13","date_gmt":"2022-11-10T09:54:13","guid":{"rendered":"http:\/\/gaelleharre.fr\/?page_id=178"},"modified":"2023-06-26T15:16:25","modified_gmt":"2023-06-26T13:16:25","slug":"le-livre","status":"publish","type":"page","link":"https:\/\/gaelleharre.fr\/?page_id=178","title":{"rendered":"Le livre"},"content":{"rendered":"\n<p><\/p>\n\n\n\n<figure class=\"wp-block-image aligncenter size-large\"><img fetchpriority=\"high\" decoding=\"async\" width=\"950\" height=\"497\" src=\"https:\/\/i0.wp.com\/gaelleharre.fr\/wp-content\/uploads\/2022\/11\/Copie-de-ORACLE-AUX-PORTES-DE-LINCONSCIENT-2.png?resize=950%2C497&#038;ssl=1\" alt=\"Livre Aux portes de l'inconscient\" class=\"wp-image-164\" srcset=\"https:\/\/i0.wp.com\/gaelleharre.fr\/wp-content\/uploads\/2022\/11\/Copie-de-ORACLE-AUX-PORTES-DE-LINCONSCIENT-2.png?resize=1024%2C536&amp;ssl=1 1024w, https:\/\/i0.wp.com\/gaelleharre.fr\/wp-content\/uploads\/2022\/11\/Copie-de-ORACLE-AUX-PORTES-DE-LINCONSCIENT-2.png?resize=300%2C157&amp;ssl=1 300w, https:\/\/i0.wp.com\/gaelleharre.fr\/wp-content\/uploads\/2022\/11\/Copie-de-ORACLE-AUX-PORTES-DE-LINCONSCIENT-2.png?resize=768%2C402&amp;ssl=1 768w, https:\/\/i0.wp.com\/gaelleharre.fr\/wp-content\/uploads\/2022\/11\/Copie-de-ORACLE-AUX-PORTES-DE-LINCONSCIENT-2.png?resize=600%2C314&amp;ssl=1 600w, https:\/\/i0.wp.com\/gaelleharre.fr\/wp-content\/uploads\/2022\/11\/Copie-de-ORACLE-AUX-PORTES-DE-LINCONSCIENT-2.png?w=1200&amp;ssl=1 1200w\" sizes=\"(max-width: 950px) 100vw, 950px\" data-recalc-dims=\"1\" \/><\/figure>\n\n\n\n<p>Dans ce livre complet, d\u00e9couvrez tout ce qu&rsquo;il faut savoir pour apprendre et approfondir l&rsquo;interpr\u00e9tation de vos tirages.  <\/p>\n\n\n\n<p>Les explications d\u00e9taill\u00e9es vous permettront de d\u00e9coder les messages qui s&rsquo;offrent \u00e0 vous. <\/p>\n\n\n\n<p>Pour chacune des 51 cartes, il vous sera propos\u00e9 des mots-cl\u00e9s, des significations, des symboliques, des associations de cartes ainsi que des interpr\u00e9tations dans plusieurs secteurs : relationnel, mat\u00e9riel, professionnel et d\u00e9veloppement personnel. <\/p>\n\n\n\n<p>Afin d&rsquo;\u00e9largir le champ de recherche, des analogies sont \u00e9galement faites avec l&rsquo;astrologie, les fleurs de Bach, les lettres H\u00e9bra\u00efques, les pr\u00e9noms et m\u00eame la psychog\u00e9n\u00e9alogie. <\/p>\n\n\n\n<p>L&rsquo;observation des cartes et les diff\u00e9rents niveaux de lecture pr\u00e9sents dans ce guide, vous permettront tel un d\u00e9tective, de mener l&rsquo;enqu\u00eate en suivant des pistes de r\u00e9flexions. <\/p>\n\n\n\n<p>Ce livre complet de 230 pages qui permet d&rsquo;approfondir le sens <a href=\"https:\/\/gaelleharre.fr\/?page_id=44\" target=\"_blank\" rel=\"noreferrer noopener\">des cartes Aux portes de l&rsquo;inconscient<\/a> est vendu s\u00e9par\u00e9ment du jeu de cartes. <\/p>\n\n\n\n<p><\/p>\n\n\n\n<div class=\"wp-block-buttons is-layout-flex wp-block-buttons-is-layout-flex\">\n<div class=\"wp-block-button aligncenter\"><a class=\"wp-block-button__link wp-element-button\" href=\"https:\/\/esoterelle.eproshopping.fr\/1763679-Livre-Aux-portes-de-l-inconscient\">COMMANDER LE LIVRE<\/a><\/div>\n<\/div>\n\n\n\n<p><\/p>\n\n\n\n<div class=\"wp-block-buttons is-layout-flex wp-block-buttons-is-layout-flex\">\n<div class=\"wp-block-button aligncenter\"><a class=\"wp-block-button__link wp-element-button\" href=\"https:\/\/esoterelle.eproshopping.fr\/1763681-Pack-Aux-portes-de-l-inconscient-oracle-livre\">COMMANDER LE PACK ORACLE + LIVRE<\/a><\/div>\n<\/div>\n\n\n\n<p><\/p>\n\n\n\n<div class=\"wp-block-jetpack-tiled-gallery aligncenter is-style-rectangular\"><div class=\"tiled-gallery__gallery\"><div class=\"tiled-gallery__row\"><div class=\"tiled-gallery__col\" style=\"flex-basis:25.00000%\"><figure class=\"tiled-gallery__item\"><img decoding=\"async\" srcset=\"https:\/\/i1.wp.com\/gaelleharre.fr\/wp-content\/uploads\/2023\/06\/Copie-de-Copie-de-Copie-de-Copie-de-Un-oracle-pour-decoder-les-messages-de-linconscient-1-576x1024.png?strip=info&#038;w=600&#038;ssl=1 600w,https:\/\/i1.wp.com\/gaelleharre.fr\/wp-content\/uploads\/2023\/06\/Copie-de-Copie-de-Copie-de-Copie-de-Un-oracle-pour-decoder-les-messages-de-linconscient-1-576x1024.png?strip=info&#038;w=900&#038;ssl=1 900w,https:\/\/i1.wp.com\/gaelleharre.fr\/wp-content\/uploads\/2023\/06\/Copie-de-Copie-de-Copie-de-Copie-de-Un-oracle-pour-decoder-les-messages-de-linconscient-1-576x1024.png?strip=info&#038;w=1080&#038;ssl=1 1080w\" alt=\"\" data-height=\"1920\" data-id=\"377\" data-link=\"https:\/\/gaelleharre.fr\/?attachment_id=377\" data-url=\"https:\/\/gaelleharre.fr\/wp-content\/uploads\/2023\/06\/Copie-de-Copie-de-Copie-de-Copie-de-Un-oracle-pour-decoder-les-messages-de-linconscient-1-576x1024.png\" data-width=\"1080\" src=\"https:\/\/i1.wp.com\/gaelleharre.fr\/wp-content\/uploads\/2023\/06\/Copie-de-Copie-de-Copie-de-Copie-de-Un-oracle-pour-decoder-les-messages-de-linconscient-1-576x1024.png?ssl=1\" data-amp-layout=\"responsive\"\/><\/figure><\/div><div class=\"tiled-gallery__col\" style=\"flex-basis:25.00000%\"><figure class=\"tiled-gallery__item\"><img decoding=\"async\" srcset=\"https:\/\/i1.wp.com\/gaelleharre.fr\/wp-content\/uploads\/2023\/06\/Copie-de-Copie-de-Copie-de-Copie-de-Un-oracle-pour-decoder-les-messages-de-linconscient-576x1024.png?strip=info&#038;w=600&#038;ssl=1 600w,https:\/\/i1.wp.com\/gaelleharre.fr\/wp-content\/uploads\/2023\/06\/Copie-de-Copie-de-Copie-de-Copie-de-Un-oracle-pour-decoder-les-messages-de-linconscient-576x1024.png?strip=info&#038;w=900&#038;ssl=1 900w,https:\/\/i1.wp.com\/gaelleharre.fr\/wp-content\/uploads\/2023\/06\/Copie-de-Copie-de-Copie-de-Copie-de-Un-oracle-pour-decoder-les-messages-de-linconscient-576x1024.png?strip=info&#038;w=1080&#038;ssl=1 1080w\" alt=\"\" data-height=\"1920\" data-id=\"378\" data-link=\"https:\/\/gaelleharre.fr\/?attachment_id=378\" data-url=\"https:\/\/gaelleharre.fr\/wp-content\/uploads\/2023\/06\/Copie-de-Copie-de-Copie-de-Copie-de-Un-oracle-pour-decoder-les-messages-de-linconscient-576x1024.png\" data-width=\"1080\" src=\"https:\/\/i1.wp.com\/gaelleharre.fr\/wp-content\/uploads\/2023\/06\/Copie-de-Copie-de-Copie-de-Copie-de-Un-oracle-pour-decoder-les-messages-de-linconscient-576x1024.png?ssl=1\" data-amp-layout=\"responsive\"\/><\/figure><\/div><div class=\"tiled-gallery__col\" style=\"flex-basis:25.00000%\"><figure class=\"tiled-gallery__item\"><img decoding=\"async\" srcset=\"https:\/\/i2.wp.com\/gaelleharre.fr\/wp-content\/uploads\/2023\/06\/Copie-de-Copie-de-Copie-de-Un-oracle-pour-decoder-les-messages-de-linconscient-1-576x1024.png?strip=info&#038;w=600&#038;ssl=1 600w,https:\/\/i2.wp.com\/gaelleharre.fr\/wp-content\/uploads\/2023\/06\/Copie-de-Copie-de-Copie-de-Un-oracle-pour-decoder-les-messages-de-linconscient-1-576x1024.png?strip=info&#038;w=900&#038;ssl=1 900w,https:\/\/i2.wp.com\/gaelleharre.fr\/wp-content\/uploads\/2023\/06\/Copie-de-Copie-de-Copie-de-Un-oracle-pour-decoder-les-messages-de-linconscient-1-576x1024.png?strip=info&#038;w=1080&#038;ssl=1 1080w\" alt=\"\" data-height=\"1920\" data-id=\"379\" data-link=\"https:\/\/gaelleharre.fr\/?attachment_id=379\" data-url=\"https:\/\/gaelleharre.fr\/wp-content\/uploads\/2023\/06\/Copie-de-Copie-de-Copie-de-Un-oracle-pour-decoder-les-messages-de-linconscient-1-576x1024.png\" data-width=\"1080\" src=\"https:\/\/i2.wp.com\/gaelleharre.fr\/wp-content\/uploads\/2023\/06\/Copie-de-Copie-de-Copie-de-Un-oracle-pour-decoder-les-messages-de-linconscient-1-576x1024.png?ssl=1\" data-amp-layout=\"responsive\"\/><\/figure><\/div><div class=\"tiled-gallery__col\" style=\"flex-basis:25.00000%\"><figure class=\"tiled-gallery__item\"><img decoding=\"async\" srcset=\"https:\/\/i2.wp.com\/gaelleharre.fr\/wp-content\/uploads\/2023\/06\/Copie-de-Copie-de-Un-oracle-pour-decoder-les-messages-de-linconscient-576x1024.png?strip=info&#038;w=600&#038;ssl=1 600w,https:\/\/i2.wp.com\/gaelleharre.fr\/wp-content\/uploads\/2023\/06\/Copie-de-Copie-de-Un-oracle-pour-decoder-les-messages-de-linconscient-576x1024.png?strip=info&#038;w=900&#038;ssl=1 900w,https:\/\/i2.wp.com\/gaelleharre.fr\/wp-content\/uploads\/2023\/06\/Copie-de-Copie-de-Un-oracle-pour-decoder-les-messages-de-linconscient-576x1024.png?strip=info&#038;w=1080&#038;ssl=1 1080w\" alt=\"\" data-height=\"1920\" data-id=\"380\" data-link=\"https:\/\/gaelleharre.fr\/?attachment_id=380\" data-url=\"https:\/\/gaelleharre.fr\/wp-content\/uploads\/2023\/06\/Copie-de-Copie-de-Un-oracle-pour-decoder-les-messages-de-linconscient-576x1024.png\" data-width=\"1080\" src=\"https:\/\/i2.wp.com\/gaelleharre.fr\/wp-content\/uploads\/2023\/06\/Copie-de-Copie-de-Un-oracle-pour-decoder-les-messages-de-linconscient-576x1024.png?ssl=1\" data-amp-layout=\"responsive\"\/><\/figure><\/div><\/div><\/div><\/div>\n","protected":false},"excerpt":{"rendered":"<p>Dans ce livre complet, d\u00e9couvrez tout ce qu&rsquo;il faut savoir pour apprendre et approfondir l&rsquo;interpr\u00e9tation de vos tirages. Les explications d\u00e9taill\u00e9es vous permettront de d\u00e9coder les messages qui s&rsquo;offrent \u00e0 vous. Pour chacune des 51 cartes, il vous sera propos\u00e9 des mots-cl\u00e9s, des significations, des symboliques, des associations de cartes ainsi que des interpr\u00e9tations dans &hellip; <\/p>\n<p class=\"link-more\"><a href=\"https:\/\/gaelleharre.fr\/?page_id=178\" class=\"more-link\">Lire la suite de<span class=\"screen-reader-text\">\u00ab\u00a0Le livre\u00a0\u00bb<\/span><\/a><\/p>\n","protected":false},"author":1,"featured_media":0,"parent":0,"menu_order":0,"comment_status":"closed","ping_status":"closed","template":"","meta":{"footnotes":""},"class_list":["post-178","page","type-page","status-publish","hentry"],"yoast_head":"<!-- This site is optimized with the Yoast SEO plugin v23.0 - https:\/\/yoast.com\/wordpress\/plugins\/seo\/ -->\n<title>Le livre - Gaelle Harr\u00e9<\/title>\n<meta name=\"description\" content=\"Dans ce livre complet, d\u00e9couvrez tout ce qu&#039;il faut savoir pour apprendre et approfondir l&#039;interpr\u00e9tation de vos tirages.\" \/>\n<meta name=\"robots\" content=\"index, follow, max-snippet:-1, max-image-preview:large, max-video-preview:-1\" \/>\n<link rel=\"canonical\" href=\"https:\/\/gaelleharre.fr\/?page_id=178\" \/>\n<meta property=\"og:locale\" content=\"fr_FR\" \/>\n<meta property=\"og:type\" content=\"article\" \/>\n<meta property=\"og:title\" content=\"Le livre - Gaelle Harr\u00e9\" \/>\n<meta property=\"og:description\" content=\"Dans ce livre complet, d\u00e9couvrez tout ce qu&#039;il faut savoir pour apprendre et approfondir l&#039;interpr\u00e9tation de vos tirages.\" \/>\n<meta property=\"og:url\" content=\"https:\/\/gaelleharre.fr\/?page_id=178\" \/>\n<meta property=\"og:site_name\" content=\"Gaelle Harr\u00e9\" \/>\n<meta property=\"article:publisher\" content=\"https:\/\/www.facebook.com\/profile.php?id=100064760720092\" \/>\n<meta property=\"article:modified_time\" content=\"2023-06-26T13:16:25+00:00\" \/>\n<meta property=\"og:image\" content=\"http:\/\/gaelleharre.fr\/wp-content\/uploads\/2022\/11\/Copie-de-ORACLE-AUX-PORTES-DE-LINCONSCIENT-2-1024x536.png\" \/>\n<meta name=\"twitter:card\" content=\"summary_large_image\" \/>\n<meta name=\"twitter:label1\" content=\"Dur\u00e9e de lecture estim\u00e9e\" \/>\n\t<meta name=\"twitter:data1\" content=\"2 minutes\" \/>\n<script type=\"application\/ld+json\" class=\"yoast-schema-graph\">{\"@context\":\"https:\/\/schema.org\",\"@graph\":[{\"@type\":\"WebPage\",\"@id\":\"https:\/\/gaelleharre.fr\/?page_id=178\",\"url\":\"https:\/\/gaelleharre.fr\/?page_id=178\",\"name\":\"Le livre - Gaelle Harr\u00e9\",\"isPartOf\":{\"@id\":\"https:\/\/gaelleharre.fr\/#website\"},\"primaryImageOfPage\":{\"@id\":\"https:\/\/gaelleharre.fr\/?page_id=178#primaryimage\"},\"image\":{\"@id\":\"https:\/\/gaelleharre.fr\/?page_id=178#primaryimage\"},\"thumbnailUrl\":\"http:\/\/gaelleharre.fr\/wp-content\/uploads\/2022\/11\/Copie-de-ORACLE-AUX-PORTES-DE-LINCONSCIENT-2-1024x536.png\",\"datePublished\":\"2022-11-10T09:54:13+00:00\",\"dateModified\":\"2023-06-26T13:16:25+00:00\",\"description\":\"Dans ce livre complet, d\u00e9couvrez tout ce qu'il faut savoir pour apprendre et approfondir l'interpr\u00e9tation de vos tirages.\",\"breadcrumb\":{\"@id\":\"https:\/\/gaelleharre.fr\/?page_id=178#breadcrumb\"},\"inLanguage\":\"fr-FR\",\"potentialAction\":[{\"@type\":\"ReadAction\",\"target\":[\"https:\/\/gaelleharre.fr\/?page_id=178\"]}]},{\"@type\":\"ImageObject\",\"inLanguage\":\"fr-FR\",\"@id\":\"https:\/\/gaelleharre.fr\/?page_id=178#primaryimage\",\"url\":\"http:\/\/gaelleharre.fr\/wp-content\/uploads\/2022\/11\/Copie-de-ORACLE-AUX-PORTES-DE-LINCONSCIENT-2-1024x536.png\",\"contentUrl\":\"http:\/\/gaelleharre.fr\/wp-content\/uploads\/2022\/11\/Copie-de-ORACLE-AUX-PORTES-DE-LINCONSCIENT-2-1024x536.png\"},{\"@type\":\"BreadcrumbList\",\"@id\":\"https:\/\/gaelleharre.fr\/?page_id=178#breadcrumb\",\"itemListElement\":[{\"@type\":\"ListItem\",\"position\":1,\"name\":\"Accueil\",\"item\":\"https:\/\/gaelleharre.fr\/\"},{\"@type\":\"ListItem\",\"position\":2,\"name\":\"Le livre\"}]},{\"@type\":\"WebSite\",\"@id\":\"https:\/\/gaelleharre.fr\/#website\",\"url\":\"https:\/\/gaelleharre.fr\/\",\"name\":\"Gaelle Harr\u00e9\",\"description\":\"\",\"potentialAction\":[{\"@type\":\"SearchAction\",\"target\":{\"@type\":\"EntryPoint\",\"urlTemplate\":\"https:\/\/gaelleharre.fr\/?s={search_term_string}\"},\"query-input\":\"required name=search_term_string\"}],\"inLanguage\":\"fr-FR\"}]}<\/script>\n<!-- \/ Yoast SEO plugin. -->","yoast_head_json":{"title":"Le livre - Gaelle Harr\u00e9","description":"Dans ce livre complet, d\u00e9couvrez tout ce qu'il faut savoir pour apprendre et approfondir l'interpr\u00e9tation de vos tirages.","robots":{"index":"index","follow":"follow","max-snippet":"max-snippet:-1","max-image-preview":"max-image-preview:large","max-video-preview":"max-video-preview:-1"},"canonical":"https:\/\/gaelleharre.fr\/?page_id=178","og_locale":"fr_FR","og_type":"article","og_title":"Le livre - Gaelle Harr\u00e9","og_description":"Dans ce livre complet, d\u00e9couvrez tout ce qu'il faut savoir pour apprendre et approfondir l'interpr\u00e9tation de vos tirages.","og_url":"https:\/\/gaelleharre.fr\/?page_id=178","og_site_name":"Gaelle Harr\u00e9","article_publisher":"https:\/\/www.facebook.com\/profile.php?id=100064760720092","article_modified_time":"2023-06-26T13:16:25+00:00","og_image":[{"url":"http:\/\/gaelleharre.fr\/wp-content\/uploads\/2022\/11\/Copie-de-ORACLE-AUX-PORTES-DE-LINCONSCIENT-2-1024x536.png"}],"twitter_card":"summary_large_image","twitter_misc":{"Dur\u00e9e de lecture estim\u00e9e":"2 minutes"},"schema":{"@context":"https:\/\/schema.org","@graph":[{"@type":"WebPage","@id":"https:\/\/gaelleharre.fr\/?page_id=178","url":"https:\/\/gaelleharre.fr\/?page_id=178","name":"Le livre - Gaelle Harr\u00e9","isPartOf":{"@id":"https:\/\/gaelleharre.fr\/#website"},"primaryImageOfPage":{"@id":"https:\/\/gaelleharre.fr\/?page_id=178#primaryimage"},"image":{"@id":"https:\/\/gaelleharre.fr\/?page_id=178#primaryimage"},"thumbnailUrl":"http:\/\/gaelleharre.fr\/wp-content\/uploads\/2022\/11\/Copie-de-ORACLE-AUX-PORTES-DE-LINCONSCIENT-2-1024x536.png","datePublished":"2022-11-10T09:54:13+00:00","dateModified":"2023-06-26T13:16:25+00:00","description":"Dans ce livre complet, d\u00e9couvrez tout ce qu'il faut savoir pour apprendre et approfondir l'interpr\u00e9tation de vos tirages.","breadcrumb":{"@id":"https:\/\/gaelleharre.fr\/?page_id=178#breadcrumb"},"inLanguage":"fr-FR","potentialAction":[{"@type":"ReadAction","target":["https:\/\/gaelleharre.fr\/?page_id=178"]}]},{"@type":"ImageObject","inLanguage":"fr-FR","@id":"https:\/\/gaelleharre.fr\/?page_id=178#primaryimage","url":"http:\/\/gaelleharre.fr\/wp-content\/uploads\/2022\/11\/Copie-de-ORACLE-AUX-PORTES-DE-LINCONSCIENT-2-1024x536.png","contentUrl":"http:\/\/gaelleharre.fr\/wp-content\/uploads\/2022\/11\/Copie-de-ORACLE-AUX-PORTES-DE-LINCONSCIENT-2-1024x536.png"},{"@type":"BreadcrumbList","@id":"https:\/\/gaelleharre.fr\/?page_id=178#breadcrumb","itemListElement":[{"@type":"ListItem","position":1,"name":"Accueil","item":"https:\/\/gaelleharre.fr\/"},{"@type":"ListItem","position":2,"name":"Le livre"}]},{"@type":"WebSite","@id":"https:\/\/gaelleharre.fr\/#website","url":"https:\/\/gaelleharre.fr\/","name":"Gaelle Harr\u00e9","description":"","potentialAction":[{"@type":"SearchAction","target":{"@type":"EntryPoint","urlTemplate":"https:\/\/gaelleharre.fr\/?s={search_term_string}"},"query-input":"required name=search_term_string"}],"inLanguage":"fr-FR"}]}},"jetpack_sharing_enabled":true,"featured_media_urls":[],"_links":{"self":[{"href":"https:\/\/gaelleharre.fr\/index.php?rest_route=\/wp\/v2\/pages\/178","targetHints":{"allow":["GET"]}}],"collection":[{"href":"https:\/\/gaelleharre.fr\/index.php?rest_route=\/wp\/v2\/pages"}],"about":[{"href":"https:\/\/gaelleharre.fr\/index.php?rest_route=\/wp\/v2\/types\/page"}],"author":[{"embeddable":true,"href":"https:\/\/gaelleharre.fr\/index.php?rest_route=\/wp\/v2\/users\/1"}],"replies":[{"embeddable":true,"href":"https:\/\/gaelleharre.fr\/index.php?rest_route=%2Fwp%2Fv2%2Fcomments&post=178"}],"version-history":[{"count":9,"href":"https:\/\/gaelleharre.fr\/index.php?rest_route=\/wp\/v2\/pages\/178\/revisions"}],"predecessor-version":[{"id":381,"href":"https:\/\/gaelleharre.fr\/index.php?rest_route=\/wp\/v2\/pages\/178\/revisions\/381"}],"wp:attachment":[{"href":"https:\/\/gaelleharre.fr\/index.php?rest_route=%2Fwp%2Fv2%2Fmedia&parent=178"}],"curies":[{"name":"wp","href":"https:\/\/api.w.org\/{rel}","templated":true}]}}