{"id":312,"date":"2023-01-13T11:07:48","date_gmt":"2023-01-13T10:07:48","guid":{"rendered":"https:\/\/gaelleharre.fr\/?page_id=312"},"modified":"2024-07-08T13:36:39","modified_gmt":"2024-07-08T11:36:39","slug":"creations","status":"publish","type":"page","link":"https:\/\/gaelleharre.fr\/?page_id=312","title":{"rendered":"Cr\u00e9ations"},"content":{"rendered":"\n<div class=\"wp-block-group has-global-padding is-layout-constrained wp-block-group-is-layout-constrained\">\n<div class=\"wp-block-group has-global-padding is-layout-constrained wp-block-group-is-layout-constrained\">\n<h2 class=\"wp-block-heading has-text-align-center\">Oracle Aux portes de l&rsquo;inconscient<\/h2>\n\n\n\n<figure class=\"wp-block-image aligncenter size-large\"><a href=\"https:\/\/gaelleharre.fr\/?page_id=159\"><img fetchpriority=\"high\" decoding=\"async\" width=\"950\" height=\"497\" src=\"https:\/\/i0.wp.com\/gaelleharre.fr\/wp-content\/uploads\/2022\/11\/ORACLE-AUX-PORTES-DE-LINCONSCIENT.png?resize=950%2C497&#038;ssl=1\" alt=\"\" class=\"wp-image-122\" srcset=\"https:\/\/i0.wp.com\/gaelleharre.fr\/wp-content\/uploads\/2022\/11\/ORACLE-AUX-PORTES-DE-LINCONSCIENT.png?resize=1024%2C536&amp;ssl=1 1024w, https:\/\/i0.wp.com\/gaelleharre.fr\/wp-content\/uploads\/2022\/11\/ORACLE-AUX-PORTES-DE-LINCONSCIENT.png?resize=300%2C157&amp;ssl=1 300w, https:\/\/i0.wp.com\/gaelleharre.fr\/wp-content\/uploads\/2022\/11\/ORACLE-AUX-PORTES-DE-LINCONSCIENT.png?resize=768%2C402&amp;ssl=1 768w, https:\/\/i0.wp.com\/gaelleharre.fr\/wp-content\/uploads\/2022\/11\/ORACLE-AUX-PORTES-DE-LINCONSCIENT.png?resize=600%2C314&amp;ssl=1 600w, https:\/\/i0.wp.com\/gaelleharre.fr\/wp-content\/uploads\/2022\/11\/ORACLE-AUX-PORTES-DE-LINCONSCIENT.png?w=1200&amp;ssl=1 1200w\" sizes=\"(max-width: 950px) 100vw, 950px\" data-recalc-dims=\"1\" \/><\/a><\/figure>\n\n\n\n<div class=\"wp-block-buttons has-custom-font-size has-medium-font-size is-layout-flex wp-block-buttons-is-layout-flex\">\n<div class=\"wp-block-button aligncenter\"><a class=\"wp-block-button__link wp-element-button\" href=\"https:\/\/gaelleharre.fr\/?page_id=159\">D\u00e9couvrir l&rsquo;oracle<\/a><\/div>\n<\/div>\n<\/div>\n<\/div>\n\n\n\n<p><\/p>\n\n\n\n<h2 class=\"wp-block-heading has-text-align-center\">L&rsquo;AstroLogic<\/h2>\n\n\n\n<div class=\"wp-block-group has-global-padding is-layout-constrained wp-block-group-is-layout-constrained\">\n<div class=\"wp-block-group has-global-padding is-layout-constrained wp-block-group-is-layout-constrained\">\n<div class=\"wp-block-group has-global-padding is-layout-constrained wp-block-group-is-layout-constrained\">\n<figure class=\"wp-block-image aligncenter size-large\"><a href=\"https:\/\/gaelleharre.fr\/?page_id=415\"><img decoding=\"async\" width=\"950\" height=\"497\" src=\"https:\/\/i0.wp.com\/gaelleharre.fr\/wp-content\/uploads\/2024\/07\/LAstroLogic.png?resize=950%2C497&#038;ssl=1\" alt=\"\" class=\"wp-image-411\" srcset=\"https:\/\/i0.wp.com\/gaelleharre.fr\/wp-content\/uploads\/2024\/07\/LAstroLogic.png?resize=1024%2C536&amp;ssl=1 1024w, https:\/\/i0.wp.com\/gaelleharre.fr\/wp-content\/uploads\/2024\/07\/LAstroLogic.png?resize=300%2C157&amp;ssl=1 300w, https:\/\/i0.wp.com\/gaelleharre.fr\/wp-content\/uploads\/2024\/07\/LAstroLogic.png?w=1200&amp;ssl=1 1200w\" sizes=\"(max-width: 950px) 100vw, 950px\" data-recalc-dims=\"1\" \/><\/a><\/figure>\n\n\n\n<div class=\"wp-block-buttons is-content-justification-center is-layout-flex wp-container-core-buttons-is-layout-a89b3969 wp-block-buttons-is-layout-flex\">\n<div class=\"wp-block-button\"><a class=\"wp-block-button__link wp-element-button\" href=\"https:\/\/gaelleharre.fr\/?page_id=415\">D\u00e9couvrir L&rsquo;AstroLogic<\/a><\/div>\n<\/div>\n\n\n\n<p><\/p>\n\n\n\n<h2 class=\"wp-block-heading has-text-align-center\">Blocs notes Tirages <\/h2>\n\n\n\n<figure class=\"wp-block-image aligncenter size-large\"><a href=\"https:\/\/gaelleharre.fr\/?page_id=331\"><img decoding=\"async\" width=\"950\" height=\"497\" src=\"https:\/\/i0.wp.com\/gaelleharre.fr\/wp-content\/uploads\/2023\/01\/Copie-de-ORACLE-AUX-PORTES-DE-LINCONSCIENT-4.png?resize=950%2C497&#038;ssl=1\" alt=\"\" class=\"wp-image-321\" srcset=\"https:\/\/i0.wp.com\/gaelleharre.fr\/wp-content\/uploads\/2023\/01\/Copie-de-ORACLE-AUX-PORTES-DE-LINCONSCIENT-4.png?resize=1024%2C536&amp;ssl=1 1024w, https:\/\/i0.wp.com\/gaelleharre.fr\/wp-content\/uploads\/2023\/01\/Copie-de-ORACLE-AUX-PORTES-DE-LINCONSCIENT-4.png?resize=300%2C157&amp;ssl=1 300w, https:\/\/i0.wp.com\/gaelleharre.fr\/wp-content\/uploads\/2023\/01\/Copie-de-ORACLE-AUX-PORTES-DE-LINCONSCIENT-4.png?resize=768%2C402&amp;ssl=1 768w, https:\/\/i0.wp.com\/gaelleharre.fr\/wp-content\/uploads\/2023\/01\/Copie-de-ORACLE-AUX-PORTES-DE-LINCONSCIENT-4.png?resize=600%2C314&amp;ssl=1 600w, https:\/\/i0.wp.com\/gaelleharre.fr\/wp-content\/uploads\/2023\/01\/Copie-de-ORACLE-AUX-PORTES-DE-LINCONSCIENT-4.png?w=1200&amp;ssl=1 1200w\" sizes=\"(max-width: 950px) 100vw, 950px\" data-recalc-dims=\"1\" \/><\/a><\/figure>\n<\/div>\n<\/div>\n\n\n\n<div class=\"wp-block-buttons is-layout-flex wp-block-buttons-is-layout-flex\">\n<div class=\"wp-block-button aligncenter\"><a class=\"wp-block-button__link wp-element-button\" href=\"https:\/\/gaelleharre.fr\/?page_id=331\">D\u00e9couvrir les blocs notes<\/a><\/div>\n<\/div>\n<\/div>\n","protected":false},"excerpt":{"rendered":"<p>Oracle Aux portes de l&rsquo;inconscient L&rsquo;AstroLogic Blocs notes Tirages<\/p>\n","protected":false},"author":1,"featured_media":0,"parent":0,"menu_order":0,"comment_status":"closed","ping_status":"closed","template":"","meta":{"footnotes":""},"class_list":["post-312","page","type-page","status-publish","hentry"],"yoast_head":"<!-- This site is optimized with the Yoast SEO plugin v23.0 - https:\/\/yoast.com\/wordpress\/plugins\/seo\/ -->\n<title>Cr\u00e9ations - Gaelle Harr\u00e9<\/title>\n<meta name=\"description\" content=\"Retrouvez sur cette page toutes les cr\u00e9ations de Gaelle Harr\u00e9. Oracle Aux portes de l&#039;inconscient. L&#039;AstroLogic. Carnets de tirages.\" \/>\n<meta name=\"robots\" content=\"index, follow, max-snippet:-1, max-image-preview:large, max-video-preview:-1\" \/>\n<link rel=\"canonical\" href=\"https:\/\/gaelleharre.fr\/?page_id=312\" \/>\n<meta property=\"og:locale\" content=\"fr_FR\" \/>\n<meta property=\"og:type\" content=\"article\" \/>\n<meta property=\"og:title\" content=\"Cr\u00e9ations - Gaelle Harr\u00e9\" \/>\n<meta property=\"og:description\" content=\"Retrouvez sur cette page toutes les cr\u00e9ations de Gaelle Harr\u00e9. Oracle Aux portes de l&#039;inconscient. L&#039;AstroLogic. Carnets de tirages.\" \/>\n<meta property=\"og:url\" content=\"https:\/\/gaelleharre.fr\/?page_id=312\" \/>\n<meta property=\"og:site_name\" content=\"Gaelle Harr\u00e9\" \/>\n<meta property=\"article:publisher\" content=\"https:\/\/www.facebook.com\/profile.php?id=100064760720092\" \/>\n<meta property=\"article:modified_time\" content=\"2024-07-08T11:36:39+00:00\" \/>\n<meta property=\"og:image\" content=\"https:\/\/gaelleharre.fr\/wp-content\/uploads\/2022\/11\/ORACLE-AUX-PORTES-DE-LINCONSCIENT-1024x536.png\" \/>\n<meta name=\"twitter:card\" content=\"summary_large_image\" \/>\n<meta name=\"twitter:label1\" content=\"Dur\u00e9e de lecture estim\u00e9e\" \/>\n\t<meta name=\"twitter:data1\" content=\"1 minute\" \/>\n<script type=\"application\/ld+json\" class=\"yoast-schema-graph\">{\"@context\":\"https:\/\/schema.org\",\"@graph\":[{\"@type\":\"WebPage\",\"@id\":\"https:\/\/gaelleharre.fr\/?page_id=312\",\"url\":\"https:\/\/gaelleharre.fr\/?page_id=312\",\"name\":\"Cr\u00e9ations - Gaelle Harr\u00e9\",\"isPartOf\":{\"@id\":\"https:\/\/gaelleharre.fr\/#website\"},\"primaryImageOfPage\":{\"@id\":\"https:\/\/gaelleharre.fr\/?page_id=312#primaryimage\"},\"image\":{\"@id\":\"https:\/\/gaelleharre.fr\/?page_id=312#primaryimage\"},\"thumbnailUrl\":\"https:\/\/gaelleharre.fr\/wp-content\/uploads\/2022\/11\/ORACLE-AUX-PORTES-DE-LINCONSCIENT-1024x536.png\",\"datePublished\":\"2023-01-13T10:07:48+00:00\",\"dateModified\":\"2024-07-08T11:36:39+00:00\",\"description\":\"Retrouvez sur cette page toutes les cr\u00e9ations de Gaelle Harr\u00e9. Oracle Aux portes de l'inconscient. L'AstroLogic. Carnets de tirages.\",\"breadcrumb\":{\"@id\":\"https:\/\/gaelleharre.fr\/?page_id=312#breadcrumb\"},\"inLanguage\":\"fr-FR\",\"potentialAction\":[{\"@type\":\"ReadAction\",\"target\":[\"https:\/\/gaelleharre.fr\/?page_id=312\"]}]},{\"@type\":\"ImageObject\",\"inLanguage\":\"fr-FR\",\"@id\":\"https:\/\/gaelleharre.fr\/?page_id=312#primaryimage\",\"url\":\"https:\/\/gaelleharre.fr\/wp-content\/uploads\/2022\/11\/ORACLE-AUX-PORTES-DE-LINCONSCIENT.png\",\"contentUrl\":\"https:\/\/gaelleharre.fr\/wp-content\/uploads\/2022\/11\/ORACLE-AUX-PORTES-DE-LINCONSCIENT.png\",\"width\":1200,\"height\":628},{\"@type\":\"BreadcrumbList\",\"@id\":\"https:\/\/gaelleharre.fr\/?page_id=312#breadcrumb\",\"itemListElement\":[{\"@type\":\"ListItem\",\"position\":1,\"name\":\"Accueil\",\"item\":\"https:\/\/gaelleharre.fr\/\"},{\"@type\":\"ListItem\",\"position\":2,\"name\":\"Cr\u00e9ations\"}]},{\"@type\":\"WebSite\",\"@id\":\"https:\/\/gaelleharre.fr\/#website\",\"url\":\"https:\/\/gaelleharre.fr\/\",\"name\":\"Gaelle Harr\u00e9\",\"description\":\"\",\"potentialAction\":[{\"@type\":\"SearchAction\",\"target\":{\"@type\":\"EntryPoint\",\"urlTemplate\":\"https:\/\/gaelleharre.fr\/?s={search_term_string}\"},\"query-input\":\"required name=search_term_string\"}],\"inLanguage\":\"fr-FR\"}]}<\/script>\n<!-- \/ Yoast SEO plugin. -->","yoast_head_json":{"title":"Cr\u00e9ations - Gaelle Harr\u00e9","description":"Retrouvez sur cette page toutes les cr\u00e9ations de Gaelle Harr\u00e9. Oracle Aux portes de l'inconscient. L'AstroLogic. Carnets de tirages.","robots":{"index":"index","follow":"follow","max-snippet":"max-snippet:-1","max-image-preview":"max-image-preview:large","max-video-preview":"max-video-preview:-1"},"canonical":"https:\/\/gaelleharre.fr\/?page_id=312","og_locale":"fr_FR","og_type":"article","og_title":"Cr\u00e9ations - Gaelle Harr\u00e9","og_description":"Retrouvez sur cette page toutes les cr\u00e9ations de Gaelle Harr\u00e9. Oracle Aux portes de l'inconscient. L'AstroLogic. Carnets de tirages.","og_url":"https:\/\/gaelleharre.fr\/?page_id=312","og_site_name":"Gaelle Harr\u00e9","article_publisher":"https:\/\/www.facebook.com\/profile.php?id=100064760720092","article_modified_time":"2024-07-08T11:36:39+00:00","og_image":[{"url":"https:\/\/gaelleharre.fr\/wp-content\/uploads\/2022\/11\/ORACLE-AUX-PORTES-DE-LINCONSCIENT-1024x536.png"}],"twitter_card":"summary_large_image","twitter_misc":{"Dur\u00e9e de lecture estim\u00e9e":"1 minute"},"schema":{"@context":"https:\/\/schema.org","@graph":[{"@type":"WebPage","@id":"https:\/\/gaelleharre.fr\/?page_id=312","url":"https:\/\/gaelleharre.fr\/?page_id=312","name":"Cr\u00e9ations - Gaelle Harr\u00e9","isPartOf":{"@id":"https:\/\/gaelleharre.fr\/#website"},"primaryImageOfPage":{"@id":"https:\/\/gaelleharre.fr\/?page_id=312#primaryimage"},"image":{"@id":"https:\/\/gaelleharre.fr\/?page_id=312#primaryimage"},"thumbnailUrl":"https:\/\/gaelleharre.fr\/wp-content\/uploads\/2022\/11\/ORACLE-AUX-PORTES-DE-LINCONSCIENT-1024x536.png","datePublished":"2023-01-13T10:07:48+00:00","dateModified":"2024-07-08T11:36:39+00:00","description":"Retrouvez sur cette page toutes les cr\u00e9ations de Gaelle Harr\u00e9. Oracle Aux portes de l'inconscient. L'AstroLogic. Carnets de tirages.","breadcrumb":{"@id":"https:\/\/gaelleharre.fr\/?page_id=312#breadcrumb"},"inLanguage":"fr-FR","potentialAction":[{"@type":"ReadAction","target":["https:\/\/gaelleharre.fr\/?page_id=312"]}]},{"@type":"ImageObject","inLanguage":"fr-FR","@id":"https:\/\/gaelleharre.fr\/?page_id=312#primaryimage","url":"https:\/\/gaelleharre.fr\/wp-content\/uploads\/2022\/11\/ORACLE-AUX-PORTES-DE-LINCONSCIENT.png","contentUrl":"https:\/\/gaelleharre.fr\/wp-content\/uploads\/2022\/11\/ORACLE-AUX-PORTES-DE-LINCONSCIENT.png","width":1200,"height":628},{"@type":"BreadcrumbList","@id":"https:\/\/gaelleharre.fr\/?page_id=312#breadcrumb","itemListElement":[{"@type":"ListItem","position":1,"name":"Accueil","item":"https:\/\/gaelleharre.fr\/"},{"@type":"ListItem","position":2,"name":"Cr\u00e9ations"}]},{"@type":"WebSite","@id":"https:\/\/gaelleharre.fr\/#website","url":"https:\/\/gaelleharre.fr\/","name":"Gaelle Harr\u00e9","description":"","potentialAction":[{"@type":"SearchAction","target":{"@type":"EntryPoint","urlTemplate":"https:\/\/gaelleharre.fr\/?s={search_term_string}"},"query-input":"required name=search_term_string"}],"inLanguage":"fr-FR"}]}},"jetpack_sharing_enabled":true,"featured_media_urls":[],"_links":{"self":[{"href":"https:\/\/gaelleharre.fr\/index.php?rest_route=\/wp\/v2\/pages\/312","targetHints":{"allow":["GET"]}}],"collection":[{"href":"https:\/\/gaelleharre.fr\/index.php?rest_route=\/wp\/v2\/pages"}],"about":[{"href":"https:\/\/gaelleharre.fr\/index.php?rest_route=\/wp\/v2\/types\/page"}],"author":[{"embeddable":true,"href":"https:\/\/gaelleharre.fr\/index.php?rest_route=\/wp\/v2\/users\/1"}],"replies":[{"embeddable":true,"href":"https:\/\/gaelleharre.fr\/index.php?rest_route=%2Fwp%2Fv2%2Fcomments&post=312"}],"version-history":[{"count":12,"href":"https:\/\/gaelleharre.fr\/index.php?rest_route=\/wp\/v2\/pages\/312\/revisions"}],"predecessor-version":[{"id":418,"href":"https:\/\/gaelleharre.fr\/index.php?rest_route=\/wp\/v2\/pages\/312\/revisions\/418"}],"wp:attachment":[{"href":"https:\/\/gaelleharre.fr\/index.php?rest_route=%2Fwp%2Fv2%2Fmedia&parent=312"}],"curies":[{"name":"wp","href":"https:\/\/api.w.org\/{rel}","templated":true}]}}