{"id":331,"date":"2023-01-13T11:44:05","date_gmt":"2023-01-13T10:44:05","guid":{"rendered":"https:\/\/gaelleharre.fr\/?page_id=331"},"modified":"2024-07-08T13:14:09","modified_gmt":"2024-07-08T11:14:09","slug":"blocs-notes-tirages","status":"publish","type":"page","link":"https:\/\/gaelleharre.fr\/?page_id=331","title":{"rendered":"BLOCS NOTES TIRAGES"},"content":{"rendered":"\n<figure class=\"wp-block-image aligncenter size-large\"><img fetchpriority=\"high\" decoding=\"async\" width=\"950\" height=\"497\" src=\"https:\/\/i0.wp.com\/gaelleharre.fr\/wp-content\/uploads\/2023\/01\/Copie-de-ORACLE-AUX-PORTES-DE-LINCONSCIENT-4.png?resize=950%2C497&#038;ssl=1\" alt=\"\" class=\"wp-image-321\" srcset=\"https:\/\/i0.wp.com\/gaelleharre.fr\/wp-content\/uploads\/2023\/01\/Copie-de-ORACLE-AUX-PORTES-DE-LINCONSCIENT-4.png?resize=1024%2C536&amp;ssl=1 1024w, https:\/\/i0.wp.com\/gaelleharre.fr\/wp-content\/uploads\/2023\/01\/Copie-de-ORACLE-AUX-PORTES-DE-LINCONSCIENT-4.png?resize=300%2C157&amp;ssl=1 300w, https:\/\/i0.wp.com\/gaelleharre.fr\/wp-content\/uploads\/2023\/01\/Copie-de-ORACLE-AUX-PORTES-DE-LINCONSCIENT-4.png?resize=768%2C402&amp;ssl=1 768w, https:\/\/i0.wp.com\/gaelleharre.fr\/wp-content\/uploads\/2023\/01\/Copie-de-ORACLE-AUX-PORTES-DE-LINCONSCIENT-4.png?resize=600%2C314&amp;ssl=1 600w, https:\/\/i0.wp.com\/gaelleharre.fr\/wp-content\/uploads\/2023\/01\/Copie-de-ORACLE-AUX-PORTES-DE-LINCONSCIENT-4.png?w=1200&amp;ssl=1 1200w\" sizes=\"(max-width: 950px) 100vw, 950px\" data-recalc-dims=\"1\" \/><\/figure>\n\n\n\n<p><\/p>\n\n\n\n<p>Ces blocs notes sont parfaits pour les personnes pratiquant la cartomancie. Ils sont sp\u00e9cialement con\u00e7us pour noter tous les d\u00e9tails de vos tirages de cartes et ceci peu importe le jeu utilis\u00e9 (oracles ou tarots).<\/p>\n\n\n\n<p>C&rsquo;est id\u00e9al pour \u00e9voluer dans votre pratique de la cartomancie car la partie \u00ab\u00a0suivi\u00a0\u00bb vous permet de revenir quelques temps plus tard sur votre tirage afin de v\u00e9rifier la justesse de votre interpr\u00e9tation.<\/p>\n\n\n\n<p><strong>Il existe 3 variantes de blocs notes :<\/strong><\/p>\n\n\n\n<div class=\"wp-block-columns is-layout-flex wp-container-core-columns-is-layout-28f84493 wp-block-columns-is-layout-flex\">\n<div class=\"wp-block-column is-layout-flow wp-block-column-is-layout-flow\">\n<h2 class=\"wp-block-heading has-text-align-center\">Tirage 2 cartes<\/h2>\n\n\n\n<figure class=\"wp-block-image aligncenter size-full\"><a href=\"https:\/\/esoterelle.eproshopping.fr\/1786601-Bloc-notes-Tirage-2-cartes\"><img decoding=\"async\" width=\"503\" height=\"769\" src=\"https:\/\/i0.wp.com\/gaelleharre.fr\/wp-content\/uploads\/2023\/01\/IMG_4748-jpg.webp?resize=503%2C769&#038;ssl=1\" alt=\"\" class=\"wp-image-332\" srcset=\"https:\/\/i0.wp.com\/gaelleharre.fr\/wp-content\/uploads\/2023\/01\/IMG_4748-jpg.webp?w=503&amp;ssl=1 503w, https:\/\/i0.wp.com\/gaelleharre.fr\/wp-content\/uploads\/2023\/01\/IMG_4748-jpg.webp?resize=196%2C300&amp;ssl=1 196w\" sizes=\"(max-width: 503px) 100vw, 503px\" data-recalc-dims=\"1\" \/><\/a><\/figure>\n\n\n\n<div class=\"wp-block-buttons is-layout-flex wp-block-buttons-is-layout-flex\">\n<div class=\"wp-block-button aligncenter\"><a class=\"wp-block-button__link wp-element-button\" href=\"https:\/\/esoterelle.eproshopping.fr\/1786601-Bloc-notes-Tirage-2-cartes\">Bloc notes tirage 2 cartes<\/a><\/div>\n<\/div>\n<\/div>\n\n\n\n<div class=\"wp-block-column is-layout-flow wp-block-column-is-layout-flow\">\n<h2 class=\"wp-block-heading has-text-align-center\">Tirage 3 cartes<\/h2>\n\n\n\n<figure class=\"wp-block-image aligncenter size-full\"><a href=\"https:\/\/esoterelle.eproshopping.fr\/1786598-Bloc-notes-Tirage-3-cartes\"><img decoding=\"async\" width=\"499\" height=\"769\" src=\"https:\/\/i0.wp.com\/gaelleharre.fr\/wp-content\/uploads\/2023\/01\/IMG_4747-jpg.webp?resize=499%2C769&#038;ssl=1\" alt=\"\" class=\"wp-image-333\" srcset=\"https:\/\/i0.wp.com\/gaelleharre.fr\/wp-content\/uploads\/2023\/01\/IMG_4747-jpg.webp?w=499&amp;ssl=1 499w, https:\/\/i0.wp.com\/gaelleharre.fr\/wp-content\/uploads\/2023\/01\/IMG_4747-jpg.webp?resize=195%2C300&amp;ssl=1 195w\" sizes=\"(max-width: 499px) 100vw, 499px\" data-recalc-dims=\"1\" \/><\/a><\/figure>\n\n\n\n<div class=\"wp-block-buttons is-layout-flex wp-block-buttons-is-layout-flex\">\n<div class=\"wp-block-button aligncenter\"><a class=\"wp-block-button__link wp-element-button\" href=\"https:\/\/esoterelle.eproshopping.fr\/1786598-Bloc-notes-Tirage-3-cartes\">Bloc notes tirage 3 cartes<\/a><\/div>\n<\/div>\n<\/div>\n\n\n\n<div class=\"wp-block-column is-layout-flow wp-block-column-is-layout-flow\">\n<h2 class=\"wp-block-heading has-text-align-center\">Tirage en croix<\/h2>\n\n\n\n<figure class=\"wp-block-image aligncenter size-full\"><a href=\"https:\/\/esoterelle.eproshopping.fr\/1786590-Bloc-notes-Tirage-en-croix\"><img loading=\"lazy\" decoding=\"async\" width=\"514\" height=\"771\" src=\"https:\/\/i0.wp.com\/gaelleharre.fr\/wp-content\/uploads\/2023\/01\/IMG_4746-jpg.webp?resize=514%2C771&#038;ssl=1\" alt=\"\" class=\"wp-image-334\" srcset=\"https:\/\/i0.wp.com\/gaelleharre.fr\/wp-content\/uploads\/2023\/01\/IMG_4746-jpg.webp?w=514&amp;ssl=1 514w, https:\/\/i0.wp.com\/gaelleharre.fr\/wp-content\/uploads\/2023\/01\/IMG_4746-jpg.webp?resize=200%2C300&amp;ssl=1 200w\" sizes=\"(max-width: 514px) 100vw, 514px\" data-recalc-dims=\"1\" \/><\/a><\/figure>\n\n\n\n<div class=\"wp-block-buttons is-layout-flex wp-block-buttons-is-layout-flex\">\n<div class=\"wp-block-button aligncenter\"><a class=\"wp-block-button__link wp-element-button\" href=\"https:\/\/esoterelle.eproshopping.fr\/1786590-Bloc-notes-Tirage-en-croix\">Bloc notes tirage en croix<\/a><\/div>\n<\/div>\n<\/div>\n<\/div>\n\n\n\n<figure class=\"wp-block-image aligncenter size-full\"><a href=\"https:\/\/esoterelle.eproshopping.fr\/1786607-Lot-de-3-blocs-notes-Tirage-de-cartes\"><img loading=\"lazy\" decoding=\"async\" width=\"750\" height=\"617\" src=\"https:\/\/i0.wp.com\/gaelleharre.fr\/wp-content\/uploads\/2023\/01\/IMG_4757-jpg.webp?resize=750%2C617&#038;ssl=1\" alt=\"\" class=\"wp-image-349\" srcset=\"https:\/\/i0.wp.com\/gaelleharre.fr\/wp-content\/uploads\/2023\/01\/IMG_4757-jpg.webp?w=750&amp;ssl=1 750w, https:\/\/i0.wp.com\/gaelleharre.fr\/wp-content\/uploads\/2023\/01\/IMG_4757-jpg.webp?resize=300%2C247&amp;ssl=1 300w, https:\/\/i0.wp.com\/gaelleharre.fr\/wp-content\/uploads\/2023\/01\/IMG_4757-jpg.webp?resize=600%2C494&amp;ssl=1 600w\" sizes=\"(max-width: 750px) 100vw, 750px\" data-recalc-dims=\"1\" \/><\/a><\/figure>\n\n\n\n<div class=\"wp-block-buttons alignwide has-custom-font-size has-small-font-size is-content-justification-center is-layout-flex wp-container-core-buttons-is-layout-a89b3969 wp-block-buttons-is-layout-flex\">\n<div class=\"wp-block-button\"><a class=\"wp-block-button__link wp-element-button\" href=\"https:\/\/esoterelle.eproshopping.fr\/1786607-Lot-de-3-blocs-notes-Tirage-de-cartes\" target=\"_blank\" rel=\"noreferrer noopener\">Acheter le lot de 3 blocs notes<\/a><\/div>\n<\/div>\n\n\n\n<p><\/p>\n","protected":false},"excerpt":{"rendered":"<p>Ces blocs notes sont parfaits pour les personnes pratiquant la cartomancie. Ils sont sp\u00e9cialement con\u00e7us pour noter tous les d\u00e9tails de vos tirages de cartes et ceci peu importe le jeu utilis\u00e9 (oracles ou tarots). C&rsquo;est id\u00e9al pour \u00e9voluer dans votre pratique de la cartomancie car la partie \u00ab\u00a0suivi\u00a0\u00bb vous permet de revenir quelques temps &hellip; <\/p>\n<p class=\"link-more\"><a href=\"https:\/\/gaelleharre.fr\/?page_id=331\" class=\"more-link\">Lire la suite de<span class=\"screen-reader-text\">\u00ab\u00a0BLOCS NOTES TIRAGES\u00a0\u00bb<\/span><\/a><\/p>\n","protected":false},"author":1,"featured_media":0,"parent":0,"menu_order":0,"comment_status":"closed","ping_status":"closed","template":"","meta":{"footnotes":""},"class_list":["post-331","page","type-page","status-publish","hentry"],"yoast_head":"<!-- This site is optimized with the Yoast SEO plugin v23.0 - https:\/\/yoast.com\/wordpress\/plugins\/seo\/ -->\n<title>BLOCS NOTES TIRAGES - Gaelle Harr\u00e9<\/title>\n<meta name=\"robots\" content=\"index, follow, max-snippet:-1, max-image-preview:large, max-video-preview:-1\" \/>\n<link rel=\"canonical\" href=\"https:\/\/gaelleharre.fr\/?page_id=331\" \/>\n<meta property=\"og:locale\" content=\"fr_FR\" \/>\n<meta property=\"og:type\" content=\"article\" \/>\n<meta property=\"og:title\" content=\"BLOCS NOTES TIRAGES - Gaelle Harr\u00e9\" \/>\n<meta property=\"og:description\" content=\"Ces blocs notes sont parfaits pour les personnes pratiquant la cartomancie. Ils sont sp\u00e9cialement con\u00e7us pour noter tous les d\u00e9tails de vos tirages de cartes et ceci peu importe le jeu utilis\u00e9 (oracles ou tarots). C&rsquo;est id\u00e9al pour \u00e9voluer dans votre pratique de la cartomancie car la partie \u00ab\u00a0suivi\u00a0\u00bb vous permet de revenir quelques temps &hellip; Lire la suite de\u00ab\u00a0BLOCS NOTES TIRAGES\u00a0\u00bb\" \/>\n<meta property=\"og:url\" content=\"https:\/\/gaelleharre.fr\/?page_id=331\" \/>\n<meta property=\"og:site_name\" content=\"Gaelle Harr\u00e9\" \/>\n<meta property=\"article:publisher\" content=\"https:\/\/www.facebook.com\/profile.php?id=100064760720092\" \/>\n<meta property=\"article:modified_time\" content=\"2024-07-08T11:14:09+00:00\" \/>\n<meta property=\"og:image\" content=\"https:\/\/gaelleharre.fr\/wp-content\/uploads\/2023\/01\/Copie-de-ORACLE-AUX-PORTES-DE-LINCONSCIENT-4-1024x536.png\" \/>\n<meta name=\"twitter:card\" content=\"summary_large_image\" \/>\n<meta name=\"twitter:label1\" content=\"Dur\u00e9e de lecture estim\u00e9e\" \/>\n\t<meta name=\"twitter:data1\" content=\"2 minutes\" \/>\n<script type=\"application\/ld+json\" class=\"yoast-schema-graph\">{\"@context\":\"https:\/\/schema.org\",\"@graph\":[{\"@type\":\"WebPage\",\"@id\":\"https:\/\/gaelleharre.fr\/?page_id=331\",\"url\":\"https:\/\/gaelleharre.fr\/?page_id=331\",\"name\":\"BLOCS NOTES TIRAGES - Gaelle Harr\u00e9\",\"isPartOf\":{\"@id\":\"https:\/\/gaelleharre.fr\/#website\"},\"primaryImageOfPage\":{\"@id\":\"https:\/\/gaelleharre.fr\/?page_id=331#primaryimage\"},\"image\":{\"@id\":\"https:\/\/gaelleharre.fr\/?page_id=331#primaryimage\"},\"thumbnailUrl\":\"https:\/\/gaelleharre.fr\/wp-content\/uploads\/2023\/01\/Copie-de-ORACLE-AUX-PORTES-DE-LINCONSCIENT-4-1024x536.png\",\"datePublished\":\"2023-01-13T10:44:05+00:00\",\"dateModified\":\"2024-07-08T11:14:09+00:00\",\"breadcrumb\":{\"@id\":\"https:\/\/gaelleharre.fr\/?page_id=331#breadcrumb\"},\"inLanguage\":\"fr-FR\",\"potentialAction\":[{\"@type\":\"ReadAction\",\"target\":[\"https:\/\/gaelleharre.fr\/?page_id=331\"]}]},{\"@type\":\"ImageObject\",\"inLanguage\":\"fr-FR\",\"@id\":\"https:\/\/gaelleharre.fr\/?page_id=331#primaryimage\",\"url\":\"https:\/\/gaelleharre.fr\/wp-content\/uploads\/2023\/01\/Copie-de-ORACLE-AUX-PORTES-DE-LINCONSCIENT-4.png\",\"contentUrl\":\"https:\/\/gaelleharre.fr\/wp-content\/uploads\/2023\/01\/Copie-de-ORACLE-AUX-PORTES-DE-LINCONSCIENT-4.png\",\"width\":1200,\"height\":628},{\"@type\":\"BreadcrumbList\",\"@id\":\"https:\/\/gaelleharre.fr\/?page_id=331#breadcrumb\",\"itemListElement\":[{\"@type\":\"ListItem\",\"position\":1,\"name\":\"Accueil\",\"item\":\"https:\/\/gaelleharre.fr\/\"},{\"@type\":\"ListItem\",\"position\":2,\"name\":\"BLOCS NOTES TIRAGES\"}]},{\"@type\":\"WebSite\",\"@id\":\"https:\/\/gaelleharre.fr\/#website\",\"url\":\"https:\/\/gaelleharre.fr\/\",\"name\":\"Gaelle Harr\u00e9\",\"description\":\"\",\"potentialAction\":[{\"@type\":\"SearchAction\",\"target\":{\"@type\":\"EntryPoint\",\"urlTemplate\":\"https:\/\/gaelleharre.fr\/?s={search_term_string}\"},\"query-input\":\"required name=search_term_string\"}],\"inLanguage\":\"fr-FR\"}]}<\/script>\n<!-- \/ Yoast SEO plugin. -->","yoast_head_json":{"title":"BLOCS NOTES TIRAGES - Gaelle Harr\u00e9","robots":{"index":"index","follow":"follow","max-snippet":"max-snippet:-1","max-image-preview":"max-image-preview:large","max-video-preview":"max-video-preview:-1"},"canonical":"https:\/\/gaelleharre.fr\/?page_id=331","og_locale":"fr_FR","og_type":"article","og_title":"BLOCS NOTES TIRAGES - Gaelle Harr\u00e9","og_description":"Ces blocs notes sont parfaits pour les personnes pratiquant la cartomancie. Ils sont sp\u00e9cialement con\u00e7us pour noter tous les d\u00e9tails de vos tirages de cartes et ceci peu importe le jeu utilis\u00e9 (oracles ou tarots). C&rsquo;est id\u00e9al pour \u00e9voluer dans votre pratique de la cartomancie car la partie \u00ab\u00a0suivi\u00a0\u00bb vous permet de revenir quelques temps &hellip; Lire la suite de\u00ab\u00a0BLOCS NOTES TIRAGES\u00a0\u00bb","og_url":"https:\/\/gaelleharre.fr\/?page_id=331","og_site_name":"Gaelle Harr\u00e9","article_publisher":"https:\/\/www.facebook.com\/profile.php?id=100064760720092","article_modified_time":"2024-07-08T11:14:09+00:00","og_image":[{"url":"https:\/\/gaelleharre.fr\/wp-content\/uploads\/2023\/01\/Copie-de-ORACLE-AUX-PORTES-DE-LINCONSCIENT-4-1024x536.png"}],"twitter_card":"summary_large_image","twitter_misc":{"Dur\u00e9e de lecture estim\u00e9e":"2 minutes"},"schema":{"@context":"https:\/\/schema.org","@graph":[{"@type":"WebPage","@id":"https:\/\/gaelleharre.fr\/?page_id=331","url":"https:\/\/gaelleharre.fr\/?page_id=331","name":"BLOCS NOTES TIRAGES - Gaelle Harr\u00e9","isPartOf":{"@id":"https:\/\/gaelleharre.fr\/#website"},"primaryImageOfPage":{"@id":"https:\/\/gaelleharre.fr\/?page_id=331#primaryimage"},"image":{"@id":"https:\/\/gaelleharre.fr\/?page_id=331#primaryimage"},"thumbnailUrl":"https:\/\/gaelleharre.fr\/wp-content\/uploads\/2023\/01\/Copie-de-ORACLE-AUX-PORTES-DE-LINCONSCIENT-4-1024x536.png","datePublished":"2023-01-13T10:44:05+00:00","dateModified":"2024-07-08T11:14:09+00:00","breadcrumb":{"@id":"https:\/\/gaelleharre.fr\/?page_id=331#breadcrumb"},"inLanguage":"fr-FR","potentialAction":[{"@type":"ReadAction","target":["https:\/\/gaelleharre.fr\/?page_id=331"]}]},{"@type":"ImageObject","inLanguage":"fr-FR","@id":"https:\/\/gaelleharre.fr\/?page_id=331#primaryimage","url":"https:\/\/gaelleharre.fr\/wp-content\/uploads\/2023\/01\/Copie-de-ORACLE-AUX-PORTES-DE-LINCONSCIENT-4.png","contentUrl":"https:\/\/gaelleharre.fr\/wp-content\/uploads\/2023\/01\/Copie-de-ORACLE-AUX-PORTES-DE-LINCONSCIENT-4.png","width":1200,"height":628},{"@type":"BreadcrumbList","@id":"https:\/\/gaelleharre.fr\/?page_id=331#breadcrumb","itemListElement":[{"@type":"ListItem","position":1,"name":"Accueil","item":"https:\/\/gaelleharre.fr\/"},{"@type":"ListItem","position":2,"name":"BLOCS NOTES TIRAGES"}]},{"@type":"WebSite","@id":"https:\/\/gaelleharre.fr\/#website","url":"https:\/\/gaelleharre.fr\/","name":"Gaelle Harr\u00e9","description":"","potentialAction":[{"@type":"SearchAction","target":{"@type":"EntryPoint","urlTemplate":"https:\/\/gaelleharre.fr\/?s={search_term_string}"},"query-input":"required name=search_term_string"}],"inLanguage":"fr-FR"}]}},"jetpack_sharing_enabled":true,"featured_media_urls":[],"_links":{"self":[{"href":"https:\/\/gaelleharre.fr\/index.php?rest_route=\/wp\/v2\/pages\/331","targetHints":{"allow":["GET"]}}],"collection":[{"href":"https:\/\/gaelleharre.fr\/index.php?rest_route=\/wp\/v2\/pages"}],"about":[{"href":"https:\/\/gaelleharre.fr\/index.php?rest_route=\/wp\/v2\/types\/page"}],"author":[{"embeddable":true,"href":"https:\/\/gaelleharre.fr\/index.php?rest_route=\/wp\/v2\/users\/1"}],"replies":[{"embeddable":true,"href":"https:\/\/gaelleharre.fr\/index.php?rest_route=%2Fwp%2Fv2%2Fcomments&post=331"}],"version-history":[{"count":11,"href":"https:\/\/gaelleharre.fr\/index.php?rest_route=\/wp\/v2\/pages\/331\/revisions"}],"predecessor-version":[{"id":413,"href":"https:\/\/gaelleharre.fr\/index.php?rest_route=\/wp\/v2\/pages\/331\/revisions\/413"}],"wp:attachment":[{"href":"https:\/\/gaelleharre.fr\/index.php?rest_route=%2Fwp%2Fv2%2Fmedia&parent=331"}],"curies":[{"name":"wp","href":"https:\/\/api.w.org\/{rel}","templated":true}]}}