{"id":44,"date":"2022-09-11T17:49:25","date_gmt":"2022-09-11T15:49:25","guid":{"rendered":"http:\/\/gaelleharre.fr\/?page_id=44"},"modified":"2023-06-26T15:09:59","modified_gmt":"2023-06-26T13:09:59","slug":"creations-oracle","status":"publish","type":"page","link":"https:\/\/gaelleharre.fr\/?page_id=44","title":{"rendered":"L&rsquo;oracle"},"content":{"rendered":"\n<p><\/p>\n\n\n\n<figure class=\"wp-block-image size-large\"><img fetchpriority=\"high\" decoding=\"async\" width=\"950\" height=\"497\" src=\"https:\/\/i0.wp.com\/gaelleharre.fr\/wp-content\/uploads\/2022\/11\/ORACLE-AUX-PORTES-DE-LINCONSCIENT.png?resize=950%2C497&#038;ssl=1\" alt=\"Oracle Aux portes de l'inconscient\" class=\"wp-image-122\" srcset=\"https:\/\/i0.wp.com\/gaelleharre.fr\/wp-content\/uploads\/2022\/11\/ORACLE-AUX-PORTES-DE-LINCONSCIENT.png?resize=1024%2C536&amp;ssl=1 1024w, https:\/\/i0.wp.com\/gaelleharre.fr\/wp-content\/uploads\/2022\/11\/ORACLE-AUX-PORTES-DE-LINCONSCIENT.png?resize=300%2C157&amp;ssl=1 300w, https:\/\/i0.wp.com\/gaelleharre.fr\/wp-content\/uploads\/2022\/11\/ORACLE-AUX-PORTES-DE-LINCONSCIENT.png?resize=768%2C402&amp;ssl=1 768w, https:\/\/i0.wp.com\/gaelleharre.fr\/wp-content\/uploads\/2022\/11\/ORACLE-AUX-PORTES-DE-LINCONSCIENT.png?resize=600%2C314&amp;ssl=1 600w, https:\/\/i0.wp.com\/gaelleharre.fr\/wp-content\/uploads\/2022\/11\/ORACLE-AUX-PORTES-DE-LINCONSCIENT.png?w=1200&amp;ssl=1 1200w\" sizes=\"(max-width: 950px) 100vw, 950px\" data-recalc-dims=\"1\" \/><\/figure>\n\n\n\n<p>L&rsquo;oracle \u00ab\u00a0Aux portes de l&rsquo;inconscient\u00a0\u00bb est compos\u00e9 de 51 cartes repr\u00e9sentant :<\/p>\n\n\n\n<ul class=\"wp-block-list\">\n<li> des \u00e9v\u00e9nements de vie, <\/li>\n\n\n\n<li>des personnes, <\/li>\n\n\n\n<li>des blessures, <\/li>\n\n\n\n<li>des gu\u00e9risons <\/li>\n\n\n\n<li>des \u00e9motions. <\/li>\n<\/ul>\n\n\n\n<p>Ce jeu permet d&rsquo;apporter des \u00e9clairages \u00e0 une situation, d&rsquo;avoir un point de vue nouveau, d&rsquo;\u00eatre guid\u00e9 et ainsi de r\u00e9pondre aux questionnements ou donner des pistes de r\u00e9flexions. Il permet \u00e9galement de travailler sur soi dans un but d&rsquo;\u00e9volution. Vous pourrez ainsi apprendre \u00e0 mieux vous connaitre. <\/p>\n\n\n\n<p>Les cartes \u00ab\u00a0Aux portes de l&rsquo;inconscient\u00a0\u00bb peuvent \u00eatre utilis\u00e9es aussi bien en tant qu&rsquo;oracle, qu&rsquo;en support th\u00e9rapeutique. Elles sont un pr\u00e9cieux outil pour acc\u00e9der \u00e0 un champ de conscience \u00e9largie et ainsi permettre de d\u00e9coder les messages de l&rsquo;inconscient. Nous portons tous les r\u00e9ponses en nous. <\/p>\n\n\n\n<p>Ce jeu est un outil de recherche int\u00e9rieure, il permet de voyager dans l&rsquo;inconscient. Il n&rsquo;y a pas de hasard. Les cartes permettent de vous d\u00e9livrer un message au moment opportun. <\/p>\n\n\n\n<p>L&rsquo;interpr\u00e9tation est intuitive donc accessible aux d\u00e9butants.<\/p>\n\n\n\n<p>Les cartes sont vendues dans leur \u00e9tui, sans livret. <\/p>\n\n\n\n<p>Le <a href=\"https:\/\/gaelleharre.fr\/?page_id=178\" target=\"_blank\" rel=\"noreferrer noopener\">livre <\/a>complet qui permet d&rsquo;approfondir le sens des cartes est vendu s\u00e9par\u00e9ment. <\/p>\n\n\n\n<div class=\"wp-block-buttons is-layout-flex wp-block-buttons-is-layout-flex\">\n<div class=\"wp-block-button aligncenter\"><a class=\"wp-block-button__link wp-element-button\" href=\"https:\/\/esoterelle.eproshopping.fr\/1763676-Oracle-Aux-portes-de-l-inconscient\">COMMANDER l&rsquo;ORACLE<\/a><\/div>\n<\/div>\n\n\n\n<p><\/p>\n\n\n\n<div class=\"wp-block-buttons is-content-justification-center is-layout-flex wp-container-core-buttons-is-layout-a89b3969 wp-block-buttons-is-layout-flex\">\n<div class=\"wp-block-button\"><a class=\"wp-block-button__link wp-element-button\" href=\"https:\/\/esoterelle.eproshopping.fr\/1763681-Pack-Aux-portes-de-l-inconscient-oracle-livre\">COMMANDER LE PACK ORACLE + LIVRE<\/a><\/div>\n<\/div>\n\n\n\n<p><\/p>\n\n\n\n<div class=\"wp-block-jetpack-tiled-gallery aligncenter is-style-rectangular\"><div class=\"tiled-gallery__gallery\"><div class=\"tiled-gallery__row\"><div class=\"tiled-gallery__col\" style=\"flex-basis:25.00000%\"><figure class=\"tiled-gallery__item\"><img decoding=\"async\" srcset=\"https:\/\/i2.wp.com\/gaelleharre.fr\/wp-content\/uploads\/2023\/06\/Un-oracle-pour-decoder-les-messages-de-linconscient-576x1024.png?strip=info&#038;w=600&#038;ssl=1 600w,https:\/\/i2.wp.com\/gaelleharre.fr\/wp-content\/uploads\/2023\/06\/Un-oracle-pour-decoder-les-messages-de-linconscient-576x1024.png?strip=info&#038;w=900&#038;ssl=1 900w,https:\/\/i2.wp.com\/gaelleharre.fr\/wp-content\/uploads\/2023\/06\/Un-oracle-pour-decoder-les-messages-de-linconscient-576x1024.png?strip=info&#038;w=1080&#038;ssl=1 1080w\" alt=\"\" data-height=\"1920\" data-id=\"368\" data-link=\"https:\/\/gaelleharre.fr\/?attachment_id=368\" data-url=\"https:\/\/gaelleharre.fr\/wp-content\/uploads\/2023\/06\/Un-oracle-pour-decoder-les-messages-de-linconscient-576x1024.png\" data-width=\"1080\" src=\"https:\/\/i2.wp.com\/gaelleharre.fr\/wp-content\/uploads\/2023\/06\/Un-oracle-pour-decoder-les-messages-de-linconscient-576x1024.png?ssl=1\" data-amp-layout=\"responsive\"\/><\/figure><\/div><div class=\"tiled-gallery__col\" style=\"flex-basis:25.00000%\"><figure class=\"tiled-gallery__item\"><img decoding=\"async\" srcset=\"https:\/\/i1.wp.com\/gaelleharre.fr\/wp-content\/uploads\/2023\/06\/Copie-de-Un-oracle-pour-decoder-les-messages-de-linconscient-576x1024.png?strip=info&#038;w=600&#038;ssl=1 600w,https:\/\/i1.wp.com\/gaelleharre.fr\/wp-content\/uploads\/2023\/06\/Copie-de-Un-oracle-pour-decoder-les-messages-de-linconscient-576x1024.png?strip=info&#038;w=900&#038;ssl=1 900w,https:\/\/i1.wp.com\/gaelleharre.fr\/wp-content\/uploads\/2023\/06\/Copie-de-Un-oracle-pour-decoder-les-messages-de-linconscient-576x1024.png?strip=info&#038;w=1080&#038;ssl=1 1080w\" alt=\"\" data-height=\"1920\" data-id=\"370\" data-link=\"https:\/\/gaelleharre.fr\/?attachment_id=370\" data-url=\"https:\/\/gaelleharre.fr\/wp-content\/uploads\/2023\/06\/Copie-de-Un-oracle-pour-decoder-les-messages-de-linconscient-576x1024.png\" data-width=\"1080\" src=\"https:\/\/i1.wp.com\/gaelleharre.fr\/wp-content\/uploads\/2023\/06\/Copie-de-Un-oracle-pour-decoder-les-messages-de-linconscient-576x1024.png?ssl=1\" data-amp-layout=\"responsive\"\/><\/figure><\/div><div class=\"tiled-gallery__col\" style=\"flex-basis:25.00000%\"><figure class=\"tiled-gallery__item\"><img decoding=\"async\" srcset=\"https:\/\/i2.wp.com\/gaelleharre.fr\/wp-content\/uploads\/2023\/06\/Copie-de-Un-oracle-pour-decoder-les-messages-de-linconscient-3-576x1024.png?strip=info&#038;w=600&#038;ssl=1 600w,https:\/\/i2.wp.com\/gaelleharre.fr\/wp-content\/uploads\/2023\/06\/Copie-de-Un-oracle-pour-decoder-les-messages-de-linconscient-3-576x1024.png?strip=info&#038;w=900&#038;ssl=1 900w,https:\/\/i2.wp.com\/gaelleharre.fr\/wp-content\/uploads\/2023\/06\/Copie-de-Un-oracle-pour-decoder-les-messages-de-linconscient-3-576x1024.png?strip=info&#038;w=1080&#038;ssl=1 1080w\" alt=\"\" data-height=\"1920\" data-id=\"371\" data-link=\"https:\/\/gaelleharre.fr\/?attachment_id=371\" data-url=\"https:\/\/gaelleharre.fr\/wp-content\/uploads\/2023\/06\/Copie-de-Un-oracle-pour-decoder-les-messages-de-linconscient-3-576x1024.png\" data-width=\"1080\" src=\"https:\/\/i2.wp.com\/gaelleharre.fr\/wp-content\/uploads\/2023\/06\/Copie-de-Un-oracle-pour-decoder-les-messages-de-linconscient-3-576x1024.png?ssl=1\" data-amp-layout=\"responsive\"\/><\/figure><\/div><div class=\"tiled-gallery__col\" style=\"flex-basis:25.00000%\"><figure class=\"tiled-gallery__item\"><img decoding=\"async\" srcset=\"https:\/\/i0.wp.com\/gaelleharre.fr\/wp-content\/uploads\/2023\/06\/Copie-de-Un-oracle-pour-decoder-les-messages-de-linconscient-1-576x1024.png?strip=info&#038;w=600&#038;ssl=1 600w,https:\/\/i0.wp.com\/gaelleharre.fr\/wp-content\/uploads\/2023\/06\/Copie-de-Un-oracle-pour-decoder-les-messages-de-linconscient-1-576x1024.png?strip=info&#038;w=900&#038;ssl=1 900w,https:\/\/i0.wp.com\/gaelleharre.fr\/wp-content\/uploads\/2023\/06\/Copie-de-Un-oracle-pour-decoder-les-messages-de-linconscient-1-576x1024.png?strip=info&#038;w=1080&#038;ssl=1 1080w\" alt=\"\" data-height=\"1920\" data-id=\"373\" data-link=\"https:\/\/gaelleharre.fr\/?attachment_id=373\" data-url=\"https:\/\/gaelleharre.fr\/wp-content\/uploads\/2023\/06\/Copie-de-Un-oracle-pour-decoder-les-messages-de-linconscient-1-576x1024.png\" data-width=\"1080\" src=\"https:\/\/i0.wp.com\/gaelleharre.fr\/wp-content\/uploads\/2023\/06\/Copie-de-Un-oracle-pour-decoder-les-messages-de-linconscient-1-576x1024.png?ssl=1\" data-amp-layout=\"responsive\"\/><\/figure><\/div><\/div><div class=\"tiled-gallery__row\"><div class=\"tiled-gallery__col\" style=\"flex-basis:33.33333%\"><figure class=\"tiled-gallery__item\"><img decoding=\"async\" srcset=\"https:\/\/i1.wp.com\/gaelleharre.fr\/wp-content\/uploads\/2023\/06\/Copie-de-Un-oracle-pour-decoder-les-messages-de-linconscient-2-576x1024.png?strip=info&#038;w=600&#038;ssl=1 600w,https:\/\/i1.wp.com\/gaelleharre.fr\/wp-content\/uploads\/2023\/06\/Copie-de-Un-oracle-pour-decoder-les-messages-de-linconscient-2-576x1024.png?strip=info&#038;w=900&#038;ssl=1 900w,https:\/\/i1.wp.com\/gaelleharre.fr\/wp-content\/uploads\/2023\/06\/Copie-de-Un-oracle-pour-decoder-les-messages-de-linconscient-2-576x1024.png?strip=info&#038;w=1080&#038;ssl=1 1080w\" alt=\"\" data-height=\"1920\" data-id=\"374\" data-link=\"https:\/\/gaelleharre.fr\/?attachment_id=374\" data-url=\"https:\/\/gaelleharre.fr\/wp-content\/uploads\/2023\/06\/Copie-de-Un-oracle-pour-decoder-les-messages-de-linconscient-2-576x1024.png\" data-width=\"1080\" src=\"https:\/\/i1.wp.com\/gaelleharre.fr\/wp-content\/uploads\/2023\/06\/Copie-de-Un-oracle-pour-decoder-les-messages-de-linconscient-2-576x1024.png?ssl=1\" data-amp-layout=\"responsive\"\/><\/figure><\/div><div class=\"tiled-gallery__col\" style=\"flex-basis:33.33333%\"><figure class=\"tiled-gallery__item\"><img decoding=\"async\" srcset=\"https:\/\/i2.wp.com\/gaelleharre.fr\/wp-content\/uploads\/2023\/06\/Copie-de-Un-oracle-pour-decoder-les-messages-de-linconscient-4-576x1024.png?strip=info&#038;w=600&#038;ssl=1 600w,https:\/\/i2.wp.com\/gaelleharre.fr\/wp-content\/uploads\/2023\/06\/Copie-de-Un-oracle-pour-decoder-les-messages-de-linconscient-4-576x1024.png?strip=info&#038;w=900&#038;ssl=1 900w,https:\/\/i2.wp.com\/gaelleharre.fr\/wp-content\/uploads\/2023\/06\/Copie-de-Un-oracle-pour-decoder-les-messages-de-linconscient-4-576x1024.png?strip=info&#038;w=1080&#038;ssl=1 1080w\" alt=\"\" data-height=\"1920\" data-id=\"375\" data-link=\"https:\/\/gaelleharre.fr\/?attachment_id=375\" data-url=\"https:\/\/gaelleharre.fr\/wp-content\/uploads\/2023\/06\/Copie-de-Un-oracle-pour-decoder-les-messages-de-linconscient-4-576x1024.png\" data-width=\"1080\" src=\"https:\/\/i2.wp.com\/gaelleharre.fr\/wp-content\/uploads\/2023\/06\/Copie-de-Un-oracle-pour-decoder-les-messages-de-linconscient-4-576x1024.png?ssl=1\" data-amp-layout=\"responsive\"\/><\/figure><\/div><div class=\"tiled-gallery__col\" style=\"flex-basis:33.33333%\"><figure class=\"tiled-gallery__item\"><img decoding=\"async\" srcset=\"https:\/\/i1.wp.com\/gaelleharre.fr\/wp-content\/uploads\/2023\/06\/Copie-de-Copie-de-Copie-de-Un-oracle-pour-decoder-les-messages-de-linconscient-576x1024.png?strip=info&#038;w=600&#038;ssl=1 600w,https:\/\/i1.wp.com\/gaelleharre.fr\/wp-content\/uploads\/2023\/06\/Copie-de-Copie-de-Copie-de-Un-oracle-pour-decoder-les-messages-de-linconscient-576x1024.png?strip=info&#038;w=900&#038;ssl=1 900w,https:\/\/i1.wp.com\/gaelleharre.fr\/wp-content\/uploads\/2023\/06\/Copie-de-Copie-de-Copie-de-Un-oracle-pour-decoder-les-messages-de-linconscient-576x1024.png?strip=info&#038;w=1080&#038;ssl=1 1080w\" alt=\"\" data-height=\"1920\" data-id=\"372\" data-link=\"https:\/\/gaelleharre.fr\/?attachment_id=372\" data-url=\"https:\/\/gaelleharre.fr\/wp-content\/uploads\/2023\/06\/Copie-de-Copie-de-Copie-de-Un-oracle-pour-decoder-les-messages-de-linconscient-576x1024.png\" data-width=\"1080\" src=\"https:\/\/i1.wp.com\/gaelleharre.fr\/wp-content\/uploads\/2023\/06\/Copie-de-Copie-de-Copie-de-Un-oracle-pour-decoder-les-messages-de-linconscient-576x1024.png?ssl=1\" data-amp-layout=\"responsive\"\/><\/figure><\/div><\/div><\/div><\/div>\n","protected":false},"excerpt":{"rendered":"<p>L&rsquo;oracle \u00ab\u00a0Aux portes de l&rsquo;inconscient\u00a0\u00bb est compos\u00e9 de 51 cartes repr\u00e9sentant : Ce jeu permet d&rsquo;apporter des \u00e9clairages \u00e0 une situation, d&rsquo;avoir un point de vue nouveau, d&rsquo;\u00eatre guid\u00e9 et ainsi de r\u00e9pondre aux questionnements ou donner des pistes de r\u00e9flexions. Il permet \u00e9galement de travailler sur soi dans un but d&rsquo;\u00e9volution. Vous pourrez ainsi &hellip; <\/p>\n<p class=\"link-more\"><a href=\"https:\/\/gaelleharre.fr\/?page_id=44\" class=\"more-link\">Lire la suite de<span class=\"screen-reader-text\">\u00ab\u00a0L&rsquo;oracle\u00a0\u00bb<\/span><\/a><\/p>\n","protected":false},"author":1,"featured_media":0,"parent":159,"menu_order":0,"comment_status":"closed","ping_status":"closed","template":"","meta":{"footnotes":""},"class_list":["post-44","page","type-page","status-publish","hentry"],"yoast_head":"<!-- This site is optimized with the Yoast SEO plugin v23.0 - https:\/\/yoast.com\/wordpress\/plugins\/seo\/ -->\n<title>Oracle - Gaelle Harr\u00e9<\/title>\n<meta name=\"description\" content=\"L&#039;oracle Aux portes de l&#039;inconscient permet d&#039;apporter des \u00e9clairages ainsi que de travailler sur soi dans un but d&#039;\u00e9volution.\" \/>\n<meta name=\"robots\" content=\"index, follow, max-snippet:-1, max-image-preview:large, max-video-preview:-1\" \/>\n<link rel=\"canonical\" href=\"https:\/\/gaelleharre.fr\/?page_id=44\" \/>\n<meta property=\"og:locale\" content=\"fr_FR\" \/>\n<meta property=\"og:type\" content=\"article\" \/>\n<meta property=\"og:title\" content=\"Oracle - Gaelle Harr\u00e9\" \/>\n<meta property=\"og:description\" content=\"L&#039;oracle Aux portes de l&#039;inconscient permet d&#039;apporter des \u00e9clairages ainsi que de travailler sur soi dans un but d&#039;\u00e9volution.\" \/>\n<meta property=\"og:url\" content=\"https:\/\/gaelleharre.fr\/?page_id=44\" \/>\n<meta property=\"og:site_name\" content=\"Gaelle Harr\u00e9\" \/>\n<meta property=\"article:publisher\" content=\"https:\/\/www.facebook.com\/profile.php?id=100064760720092\" \/>\n<meta property=\"article:modified_time\" content=\"2023-06-26T13:09:59+00:00\" \/>\n<meta property=\"og:image\" content=\"http:\/\/gaelleharre.fr\/wp-content\/uploads\/2022\/11\/ORACLE-AUX-PORTES-DE-LINCONSCIENT-1024x536.png\" \/>\n<meta name=\"twitter:card\" content=\"summary_large_image\" \/>\n<meta name=\"twitter:label1\" content=\"Dur\u00e9e de lecture estim\u00e9e\" \/>\n\t<meta name=\"twitter:data1\" content=\"3 minutes\" \/>\n<script type=\"application\/ld+json\" class=\"yoast-schema-graph\">{\"@context\":\"https:\/\/schema.org\",\"@graph\":[{\"@type\":\"WebPage\",\"@id\":\"https:\/\/gaelleharre.fr\/?page_id=44\",\"url\":\"https:\/\/gaelleharre.fr\/?page_id=44\",\"name\":\"Oracle - Gaelle Harr\u00e9\",\"isPartOf\":{\"@id\":\"https:\/\/gaelleharre.fr\/#website\"},\"primaryImageOfPage\":{\"@id\":\"https:\/\/gaelleharre.fr\/?page_id=44#primaryimage\"},\"image\":{\"@id\":\"https:\/\/gaelleharre.fr\/?page_id=44#primaryimage\"},\"thumbnailUrl\":\"http:\/\/gaelleharre.fr\/wp-content\/uploads\/2022\/11\/ORACLE-AUX-PORTES-DE-LINCONSCIENT-1024x536.png\",\"datePublished\":\"2022-09-11T15:49:25+00:00\",\"dateModified\":\"2023-06-26T13:09:59+00:00\",\"description\":\"L'oracle Aux portes de l'inconscient permet d'apporter des \u00e9clairages ainsi que de travailler sur soi dans un but d'\u00e9volution.\",\"breadcrumb\":{\"@id\":\"https:\/\/gaelleharre.fr\/?page_id=44#breadcrumb\"},\"inLanguage\":\"fr-FR\",\"potentialAction\":[{\"@type\":\"ReadAction\",\"target\":[\"https:\/\/gaelleharre.fr\/?page_id=44\"]}]},{\"@type\":\"ImageObject\",\"inLanguage\":\"fr-FR\",\"@id\":\"https:\/\/gaelleharre.fr\/?page_id=44#primaryimage\",\"url\":\"http:\/\/gaelleharre.fr\/wp-content\/uploads\/2022\/11\/ORACLE-AUX-PORTES-DE-LINCONSCIENT-1024x536.png\",\"contentUrl\":\"http:\/\/gaelleharre.fr\/wp-content\/uploads\/2022\/11\/ORACLE-AUX-PORTES-DE-LINCONSCIENT-1024x536.png\"},{\"@type\":\"BreadcrumbList\",\"@id\":\"https:\/\/gaelleharre.fr\/?page_id=44#breadcrumb\",\"itemListElement\":[{\"@type\":\"ListItem\",\"position\":1,\"name\":\"Accueil\",\"item\":\"https:\/\/gaelleharre.fr\/\"},{\"@type\":\"ListItem\",\"position\":2,\"name\":\"Aux portes de l&rsquo;inconscient\",\"item\":\"https:\/\/gaelleharre.fr\/?page_id=159\"},{\"@type\":\"ListItem\",\"position\":3,\"name\":\"L&rsquo;oracle\"}]},{\"@type\":\"WebSite\",\"@id\":\"https:\/\/gaelleharre.fr\/#website\",\"url\":\"https:\/\/gaelleharre.fr\/\",\"name\":\"Gaelle Harr\u00e9\",\"description\":\"\",\"potentialAction\":[{\"@type\":\"SearchAction\",\"target\":{\"@type\":\"EntryPoint\",\"urlTemplate\":\"https:\/\/gaelleharre.fr\/?s={search_term_string}\"},\"query-input\":\"required name=search_term_string\"}],\"inLanguage\":\"fr-FR\"}]}<\/script>\n<!-- \/ Yoast SEO plugin. -->","yoast_head_json":{"title":"Oracle - Gaelle Harr\u00e9","description":"L'oracle Aux portes de l'inconscient permet d'apporter des \u00e9clairages ainsi que de travailler sur soi dans un but d'\u00e9volution.","robots":{"index":"index","follow":"follow","max-snippet":"max-snippet:-1","max-image-preview":"max-image-preview:large","max-video-preview":"max-video-preview:-1"},"canonical":"https:\/\/gaelleharre.fr\/?page_id=44","og_locale":"fr_FR","og_type":"article","og_title":"Oracle - Gaelle Harr\u00e9","og_description":"L'oracle Aux portes de l'inconscient permet d'apporter des \u00e9clairages ainsi que de travailler sur soi dans un but d'\u00e9volution.","og_url":"https:\/\/gaelleharre.fr\/?page_id=44","og_site_name":"Gaelle Harr\u00e9","article_publisher":"https:\/\/www.facebook.com\/profile.php?id=100064760720092","article_modified_time":"2023-06-26T13:09:59+00:00","og_image":[{"url":"http:\/\/gaelleharre.fr\/wp-content\/uploads\/2022\/11\/ORACLE-AUX-PORTES-DE-LINCONSCIENT-1024x536.png"}],"twitter_card":"summary_large_image","twitter_misc":{"Dur\u00e9e de lecture estim\u00e9e":"3 minutes"},"schema":{"@context":"https:\/\/schema.org","@graph":[{"@type":"WebPage","@id":"https:\/\/gaelleharre.fr\/?page_id=44","url":"https:\/\/gaelleharre.fr\/?page_id=44","name":"Oracle - Gaelle Harr\u00e9","isPartOf":{"@id":"https:\/\/gaelleharre.fr\/#website"},"primaryImageOfPage":{"@id":"https:\/\/gaelleharre.fr\/?page_id=44#primaryimage"},"image":{"@id":"https:\/\/gaelleharre.fr\/?page_id=44#primaryimage"},"thumbnailUrl":"http:\/\/gaelleharre.fr\/wp-content\/uploads\/2022\/11\/ORACLE-AUX-PORTES-DE-LINCONSCIENT-1024x536.png","datePublished":"2022-09-11T15:49:25+00:00","dateModified":"2023-06-26T13:09:59+00:00","description":"L'oracle Aux portes de l'inconscient permet d'apporter des \u00e9clairages ainsi que de travailler sur soi dans un but d'\u00e9volution.","breadcrumb":{"@id":"https:\/\/gaelleharre.fr\/?page_id=44#breadcrumb"},"inLanguage":"fr-FR","potentialAction":[{"@type":"ReadAction","target":["https:\/\/gaelleharre.fr\/?page_id=44"]}]},{"@type":"ImageObject","inLanguage":"fr-FR","@id":"https:\/\/gaelleharre.fr\/?page_id=44#primaryimage","url":"http:\/\/gaelleharre.fr\/wp-content\/uploads\/2022\/11\/ORACLE-AUX-PORTES-DE-LINCONSCIENT-1024x536.png","contentUrl":"http:\/\/gaelleharre.fr\/wp-content\/uploads\/2022\/11\/ORACLE-AUX-PORTES-DE-LINCONSCIENT-1024x536.png"},{"@type":"BreadcrumbList","@id":"https:\/\/gaelleharre.fr\/?page_id=44#breadcrumb","itemListElement":[{"@type":"ListItem","position":1,"name":"Accueil","item":"https:\/\/gaelleharre.fr\/"},{"@type":"ListItem","position":2,"name":"Aux portes de l&rsquo;inconscient","item":"https:\/\/gaelleharre.fr\/?page_id=159"},{"@type":"ListItem","position":3,"name":"L&rsquo;oracle"}]},{"@type":"WebSite","@id":"https:\/\/gaelleharre.fr\/#website","url":"https:\/\/gaelleharre.fr\/","name":"Gaelle Harr\u00e9","description":"","potentialAction":[{"@type":"SearchAction","target":{"@type":"EntryPoint","urlTemplate":"https:\/\/gaelleharre.fr\/?s={search_term_string}"},"query-input":"required name=search_term_string"}],"inLanguage":"fr-FR"}]}},"jetpack_sharing_enabled":true,"featured_media_urls":[],"_links":{"self":[{"href":"https:\/\/gaelleharre.fr\/index.php?rest_route=\/wp\/v2\/pages\/44","targetHints":{"allow":["GET"]}}],"collection":[{"href":"https:\/\/gaelleharre.fr\/index.php?rest_route=\/wp\/v2\/pages"}],"about":[{"href":"https:\/\/gaelleharre.fr\/index.php?rest_route=\/wp\/v2\/types\/page"}],"author":[{"embeddable":true,"href":"https:\/\/gaelleharre.fr\/index.php?rest_route=\/wp\/v2\/users\/1"}],"replies":[{"embeddable":true,"href":"https:\/\/gaelleharre.fr\/index.php?rest_route=%2Fwp%2Fv2%2Fcomments&post=44"}],"version-history":[{"count":21,"href":"https:\/\/gaelleharre.fr\/index.php?rest_route=\/wp\/v2\/pages\/44\/revisions"}],"predecessor-version":[{"id":376,"href":"https:\/\/gaelleharre.fr\/index.php?rest_route=\/wp\/v2\/pages\/44\/revisions\/376"}],"up":[{"embeddable":true,"href":"https:\/\/gaelleharre.fr\/index.php?rest_route=\/wp\/v2\/pages\/159"}],"wp:attachment":[{"href":"https:\/\/gaelleharre.fr\/index.php?rest_route=%2Fwp%2Fv2%2Fmedia&parent=44"}],"curies":[{"name":"wp","href":"https:\/\/api.w.org\/{rel}","templated":true}]}}